{"id":13272,"date":"2023-07-14T05:53:43","date_gmt":"2023-07-14T03:53:43","guid":{"rendered":"https:\/\/www.naturespices.net\/hilfe\/"},"modified":"2025-09-17T15:59:05","modified_gmt":"2025-09-17T13:59:05","slug":"hilfe","status":"publish","type":"page","link":"https:\/\/www.naturespices.net\/de\/hilfe\/","title":{"rendered":"Hilfe"},"content":{"rendered":"\t\t<div data-elementor-type=\"wp-page\" data-elementor-id=\"13272\" class=\"elementor elementor-13272 elementor-2025\" data-elementor-post-type=\"page\">\n\t\t\t\t\t\t<section class=\"wd-negative-gap elementor-section elementor-top-section elementor-element elementor-element-923f308 elementor-section-height-min-height wd-section-stretch-content elementor-section-full_width elementor-hidden-desktop elementor-hidden-tablet elementor-hidden-mobile elementor-section-height-default elementor-section-items-middle\" data-id=\"923f308\" data-element_type=\"section\" data-settings=\"{&quot;background_background&quot;:&quot;classic&quot;}\">\n\t\t\t\t\t\t\t<div class=\"elementor-background-overlay\"><\/div>\n\t\t\t\t\t\t\t<div class=\"elementor-container elementor-column-gap-default\">\n\t\t\t\t\t<div class=\"elementor-column elementor-col-100 elementor-top-column elementor-element elementor-element-497e139\" data-id=\"497e139\" data-element_type=\"column\">\n\t\t\t<div class=\"elementor-widget-wrap elementor-element-populated\">\n\t\t\t\t\t\t<div class=\"elementor-element elementor-element-e38ecc7 elementor-widget elementor-widget-heading\" data-id=\"e38ecc7\" data-element_type=\"widget\" data-widget_type=\"heading.default\">\n\t\t\t\t<div class=\"elementor-widget-container\">\n\t\t\t\t\t<h2 class=\"elementor-heading-title elementor-size-default\">Hilfe<\/h2>\t\t\t\t<\/div>\n\t\t\t\t<\/div>\n\t\t\t\t\t<\/div>\n\t\t<\/div>\n\t\t\t\t\t<\/div>\n\t\t<\/section>\n\t\t\t\t<section class=\"wd-negative-gap elementor-section elementor-top-section elementor-element elementor-element-17f584b elementor-section-boxed elementor-section-height-default elementor-section-height-default\" data-id=\"17f584b\" data-element_type=\"section\">\n\t\t\t\t\t\t<div class=\"elementor-container elementor-column-gap-default\">\n\t\t\t\t\t<div class=\"elementor-column elementor-col-100 elementor-top-column elementor-element elementor-element-6e2a0e7\" data-id=\"6e2a0e7\" data-element_type=\"column\">\n\t\t\t<div class=\"elementor-widget-wrap elementor-element-populated\">\n\t\t\t\t\t\t<div class=\"elementor-element elementor-element-718c4b2 elementor-widget elementor-widget-heading\" data-id=\"718c4b2\" data-element_type=\"widget\" data-widget_type=\"heading.default\">\n\t\t\t\t<div class=\"elementor-widget-container\">\n\t\t\t\t\t<h1 class=\"elementor-heading-title elementor-size-default\">FAQs &amp; Support f\u00fcr Ihre Bestellungen<\/h1>\t\t\t\t<\/div>\n\t\t\t\t<\/div>\n\t\t\t\t<div class=\"elementor-element elementor-element-0dd0b1e elementor-widget-divider--view-line_icon elementor-view-default elementor-widget-divider--element-align-center elementor-widget elementor-widget-divider\" data-id=\"0dd0b1e\" data-element_type=\"widget\" data-widget_type=\"divider.default\">\n\t\t\t\t<div class=\"elementor-widget-container\">\n\t\t\t\t\t\t\t<div class=\"elementor-divider\">\n\t\t\t<span class=\"elementor-divider-separator\">\n\t\t\t\t\t\t\t<div class=\"elementor-icon elementor-divider__element\">\n\t\t\t\t\t<i aria-hidden=\"true\" class=\"fab fa-envira\"><\/i><\/div>\n\t\t\t\t\t\t<\/span>\n\t\t<\/div>\n\t\t\t\t\t\t<\/div>\n\t\t\t\t<\/div>\n\t\t\t\t<div class=\"elementor-element elementor-element-76b4981 color-scheme-inherit text-left elementor-widget elementor-widget-text-editor\" data-id=\"76b4981\" data-element_type=\"widget\" data-widget_type=\"text-editor.default\">\n\t\t\t\t<div class=\"elementor-widget-container\">\n\t\t\t\t\t\t\t\t\t<p>Finden Sie Antworten mit der Nature Spices Hilfe: H\u00e4ufig gestellte Fragen (FAQs), Auftragsverfolgung, Versandanfragen, Zahlungsunterst\u00fctzung und Kontohilfe. Umfassende Kundenbetreuung<\/p>\t\t\t\t\t\t\t\t<\/div>\n\t\t\t\t<\/div>\n\t\t\t\t\t<\/div>\n\t\t<\/div>\n\t\t\t\t\t<\/div>\n\t\t<\/section>\n\t\t<div class=\"wd-negative-gap elementor-element elementor-element-6b2c176 e-flex e-con-boxed e-con e-parent\" data-id=\"6b2c176\" data-element_type=\"container\">\n\t\t\t\t\t<div class=\"e-con-inner\">\n\t\t\t\t<div class=\"elementor-element elementor-element-05fed51 elementor-widget elementor-widget-n-accordion\" data-id=\"05fed51\" data-element_type=\"widget\" data-settings=\"{&quot;default_state&quot;:&quot;expanded&quot;,&quot;max_items_expended&quot;:&quot;one&quot;,&quot;n_accordion_animation_duration&quot;:{&quot;unit&quot;:&quot;ms&quot;,&quot;size&quot;:400,&quot;sizes&quot;:[]}}\" data-widget_type=\"nested-accordion.default\">\n\t\t\t\t<div class=\"elementor-widget-container\">\n\t\t\t\t\t\t\t<div class=\"e-n-accordion\" aria-label=\"Accordion. Open links with Enter or Space, close with Escape, and navigate with Arrow Keys\">\n\t\t\t\t\t\t<details id=\"e-n-accordion-item-6280\" class=\"e-n-accordion-item\" open>\n\t\t\t\t<summary class=\"e-n-accordion-item-title\" data-accordion-index=\"1\" tabindex=\"0\" aria-expanded=\"true\" aria-controls=\"e-n-accordion-item-6280\" >\n\t\t\t\t\t<span class='e-n-accordion-item-title-header'><h4 class=\"e-n-accordion-item-title-text\"> Qualit\u00e4t der Produkte <\/h4><\/span>\n\t\t\t\t\t\t\t<span class='e-n-accordion-item-title-icon'>\n\t\t\t<span class='e-opened' ><i aria-hidden=\"true\" class=\"fas fa-minus\"><\/i><\/span>\n\t\t\t<span class='e-closed'><i aria-hidden=\"true\" class=\"fas fa-plus\"><\/i><\/span>\n\t\t<\/span>\n\n\t\t\t\t\t\t<\/summary>\n\t\t\t\t<div role=\"region\" aria-labelledby=\"e-n-accordion-item-6280\" class=\"elementor-element elementor-element-3064665 e-con-full e-flex e-con e-child\" data-id=\"3064665\" data-element_type=\"container\">\n\t\t\t\t<div class=\"elementor-element elementor-element-c4087ab elementor-widget elementor-widget-wd_text_block\" data-id=\"c4087ab\" data-element_type=\"widget\" data-widget_type=\"wd_text_block.default\">\n\t\t\t\t<div class=\"elementor-widget-container\">\n\t\t\t\t\t\t\t<div class=\"wd-text-block reset-last-child text-left\">\n\t\t\t\n\t\t\t<h5>Nature Spices <span class=\"\" title=\"\">\u00ae <\/span>vertreibt hochwertige Produkte<\/h5><p><span class=\"\" title=\"\">Alle unsere <a href=\"https:\/\/www.naturespices.net\/shop\/\">Produkte<\/a> unterliegen strengsten Kontrollen, und die Rohstoffe werden direkt von handverlesenen Bauern und Gro\u00dfh\u00e4ndlern bezogen. Auf diese Weise k\u00f6nnen wir sicherstellen, dass Sie von einer Produktion profitieren, die frei von jeglichen Zusatzstoffen und Verf\u00e4lschungen ist.<\/span><\/p><p><span class=\"\" title=\"\">Ein transparentes Verfahren garantiert die Herkunft und Zertifizierung des Produkts.<\/span><\/p><p>Es ist uns sehr wichtig, alle einschl\u00e4gigen Einfuhrbestimmungen einzuhalten und hohe Qualit\u00e4tskontrollen zu gew\u00e4hrleisten.<\/p>\n\t\t\t\t\t<\/div>\n\t\t\t\t\t\t<\/div>\n\t\t\t\t<\/div>\n\t\t\t\t<\/div>\n\t\t\t\t\t<\/details>\n\t\t\t\t\t\t<details id=\"e-n-accordion-item-6281\" class=\"e-n-accordion-item\" >\n\t\t\t\t<summary class=\"e-n-accordion-item-title\" data-accordion-index=\"2\" tabindex=\"-1\" aria-expanded=\"false\" aria-controls=\"e-n-accordion-item-6281\" >\n\t\t\t\t\t<span class='e-n-accordion-item-title-header'><h4 class=\"e-n-accordion-item-title-text\"> Ein Produkt bestellen <\/h4><\/span>\n\t\t\t\t\t\t\t<span class='e-n-accordion-item-title-icon'>\n\t\t\t<span class='e-opened' ><i aria-hidden=\"true\" class=\"fas fa-minus\"><\/i><\/span>\n\t\t\t<span class='e-closed'><i aria-hidden=\"true\" class=\"fas fa-plus\"><\/i><\/span>\n\t\t<\/span>\n\n\t\t\t\t\t\t<\/summary>\n\t\t\t\t<div role=\"region\" aria-labelledby=\"e-n-accordion-item-6281\" class=\"elementor-element elementor-element-4ca1fef e-con-full e-flex e-con e-child\" data-id=\"4ca1fef\" data-element_type=\"container\">\n\t\t\t\t<div class=\"elementor-element elementor-element-1a6b2e3 elementor-widget elementor-widget-wd_text_block\" data-id=\"1a6b2e3\" data-element_type=\"widget\" data-widget_type=\"wd_text_block.default\">\n\t\t\t\t<div class=\"elementor-widget-container\">\n\t\t\t\t\t\t\t<div class=\"wd-text-block reset-last-child text-left\">\n\t\t\t\n\t\t\t<p>In unserem <a href=\"https:\/\/www.naturespices.net\/shop\/\">Online Shop<\/a> finden Sie alle unsere Produkte.<\/p><p>Um ein Produkt in den Warenkorb zu legen, klicken Sie auf das jeweilige Produkt, w\u00e4hlen die gew\u00fcnschte Packungsgr\u00f6\u00dfe aus und klicken auf den Button \"In den Warenkorb\".<\/p><p>Sie k\u00f6nnen nun Ihre Bestellung einsehen, indem Sie auf das <a href=\"https:\/\/www.naturespices.net\/de\/warenkorb\/\">Einkaufswagen-Symbol<\/a> in der oberen rechten Ecke des Bildschirms klicken. Durch Anklicken des Buttons \"Weiter zur Kasse\" gelangen Sie auf die Zahlungsseite und k\u00f6nnen nach Eingabe der Versand- und Rechnungsadresse und Auswahl der <a href=\"https:\/\/www.naturespices.net\/help\/payment\/\">Zahlungsart<\/a> Ihre Bestellung absenden.<\/p>\n\t\t\t\t\t<\/div>\n\t\t\t\t\t\t<\/div>\n\t\t\t\t<\/div>\n\t\t\t\t<\/div>\n\t\t\t\t\t<\/details>\n\t\t\t\t\t\t<details id=\"e-n-accordion-item-6282\" class=\"e-n-accordion-item\" >\n\t\t\t\t<summary class=\"e-n-accordion-item-title\" data-accordion-index=\"3\" tabindex=\"-1\" aria-expanded=\"false\" aria-controls=\"e-n-accordion-item-6282\" >\n\t\t\t\t\t<span class='e-n-accordion-item-title-header'><h4 class=\"e-n-accordion-item-title-text\"> Lieferkosten und L\u00e4nder <\/h4><\/span>\n\t\t\t\t\t\t\t<span class='e-n-accordion-item-title-icon'>\n\t\t\t<span class='e-opened' ><i aria-hidden=\"true\" class=\"fas fa-minus\"><\/i><\/span>\n\t\t\t<span class='e-closed'><i aria-hidden=\"true\" class=\"fas fa-plus\"><\/i><\/span>\n\t\t<\/span>\n\n\t\t\t\t\t\t<\/summary>\n\t\t\t\t<div role=\"region\" aria-labelledby=\"e-n-accordion-item-6282\" class=\"elementor-element elementor-element-5045a25 e-con-full e-flex e-con e-child\" data-id=\"5045a25\" data-element_type=\"container\">\n\t\t\t\t<div class=\"elementor-element elementor-element-62afaeb elementor-widget elementor-widget-wd_text_block\" data-id=\"62afaeb\" data-element_type=\"widget\" data-widget_type=\"wd_text_block.default\">\n\t\t\t\t<div class=\"elementor-widget-container\">\n\t\t\t\t\t\t\t<div class=\"wd-text-block reset-last-child text-left\">\n\t\t\t\n\t\t\t<p>Der Versand dauert in der Regel 2-3 Arbeitstage.<\/p><p>Wir liefern unsere Produkte derzeit in die folgenden L\u00e4nder:<\/p><ul><li>Deutschland<\/li><\/ul>\n\t\t\t\t\t<\/div>\n\t\t\t\t\t\t<\/div>\n\t\t\t\t<\/div>\n\t\t\t\t<\/div>\n\t\t\t\t\t<\/details>\n\t\t\t\t\t\t<details id=\"e-n-accordion-item-6283\" class=\"e-n-accordion-item\" >\n\t\t\t\t<summary class=\"e-n-accordion-item-title\" data-accordion-index=\"4\" tabindex=\"-1\" aria-expanded=\"false\" aria-controls=\"e-n-accordion-item-6283\" >\n\t\t\t\t\t<span class='e-n-accordion-item-title-header'><h4 class=\"e-n-accordion-item-title-text\"> Unterst\u00fctzte Zahlungsarten <\/h4><\/span>\n\t\t\t\t\t\t\t<span class='e-n-accordion-item-title-icon'>\n\t\t\t<span class='e-opened' ><i aria-hidden=\"true\" class=\"fas fa-minus\"><\/i><\/span>\n\t\t\t<span class='e-closed'><i aria-hidden=\"true\" class=\"fas fa-plus\"><\/i><\/span>\n\t\t<\/span>\n\n\t\t\t\t\t\t<\/summary>\n\t\t\t\t<div class=\"wd-negative-gap elementor-element elementor-element-3c3da45 e-flex e-con-boxed e-con e-child\" role=\"region\" aria-labelledby=\"e-n-accordion-item-6283\" data-id=\"3c3da45\" data-element_type=\"container\">\n\t\t\t\t\t<div class=\"e-con-inner\">\n\t\t\t\t<div class=\"elementor-element elementor-element-6d8eae4 elementor-widget elementor-widget-wd_text_block\" data-id=\"6d8eae4\" data-element_type=\"widget\" data-widget_type=\"wd_text_block.default\">\n\t\t\t\t<div class=\"elementor-widget-container\">\n\t\t\t\t\t\t\t<div class=\"wd-text-block reset-last-child text-left\">\n\t\t\t\n\t\t\t<p>Derzeit unterst\u00fctzen wir die folgenden Zahlungsarten.<\/p><p><strong>PayPal<\/strong><\/p><p>Wenn Sie <a href=\"https:\/\/www.paypal.com\/\" target=\"_blank\" rel=\"noopener noreferrer\">PayPal<\/a> als Zahlungsmethode gew\u00e4hlt haben, werden Sie nach dem Absenden Ihrer Bestellung direkt zu PayPal weitergeleitet.<br>Um sich bei Ihrem PayPal-Konto anzumelden, m\u00fcssen Sie Ihre PayPal-Zugangsdaten eingeben.<\/p><p>Der Betrag der Transaktion wird dann Ihrem Konto belastet.<\/p><p><strong>Lastschriftverfahren (SEPA)<\/strong><\/p><p>Wenn Sie das Lastschriftverfahren als Zahlungsmethode gew\u00e4hlt haben, m\u00fcssen Sie vor dem Absenden der Bestellung Ihre Bankverbindung angeben.<\/p><p>Der Betrag der Transaktion wird dann Ihrem Konto belastet.<\/p><p><strong>Giropay<\/strong><\/p><p>Wenn Sie <a href=\"https:\/\/www.giropay.de\/en\/\" target=\"_blank\" rel=\"noopener\">Giropay<\/a> als Zahlungsmethode gew\u00e4hlt haben, werden Sie nach dem Absenden Ihrer Bestellung direkt zu Giropay weitergeleitet.<\/p><p>Der Betrag der Transaktion wird dann Ihrem Konto belastet.<\/p><p><strong>SOFORT<\/strong><\/p><p>Wenn Sie <a href=\"https:\/\/www.sofort.com\/\" target=\"_blank\" rel=\"noopener\">SOFORT<\/a> als Zahlungsmethode gew\u00e4hlt haben, werden Sie nach dem Absenden Ihrer Bestellung zu <a href=\"https:\/\/www.sofort.com\/\" target=\"_blank\" rel=\"noopener\">SOFORT<\/a> weitergeleitet.<\/p><p>Der Betrag der Transaktion wird dann Ihrem Konto belastet.<\/p><p><strong>Kreditkarte<\/strong><\/p><p>Wenn Sie Kreditkarte als Zahlungsmethode gew\u00e4hlt haben, m\u00fcssen Sie Ihre Kreditkartendaten eingeben, bevor Sie Ihre Bestellung absenden.<\/p><p>Der Betrag der Transaktion wird dann von Ihrer Kreditkarte abgebucht.<\/p><p><span style=\"font-size: 15px; color: var(--wd-text-color);\"><b>iDeal<\/b><\/span><\/p><p style=\"margin-bottom: var(--wd-tags-mb); font-style: normal; font-variant-ligatures: normal; font-variant-caps: normal; font-family: Montserrat, Arial, Helvetica, sans-serif; font-size: 15px;\"><span style=\"font-weight: 400;\">Wenn Sie<\/span> <a href=\"https:\/\/ideal.nl\/en\/\" target=\"_blank\" rel=\"noopener\"><b>iDeal<\/b><\/a> als Zahlungsmethode gew\u00e4hlt haben, werden Sie nach dem Absenden Ihrer Bestellung zu <a href=\"https:\/\/ideal.nl\/en\/\" target=\"_blank\" rel=\"noopener\">iDeal<\/a> weitergeleitet.<\/p><p style=\"margin-bottom: var(--wd-tags-mb); font-style: normal; font-variant-ligatures: normal; font-variant-caps: normal; font-weight: 400; font-family: Montserrat, Arial, Helvetica, sans-serif; font-size: 15px;\">Der Betrag der Transaktion wird dann Ihrem Konto belastet.<\/p>\n\t\t\t\t\t<\/div>\n\t\t\t\t\t\t<\/div>\n\t\t\t\t<\/div>\n\t\t\t\t\t<\/div>\n\t\t\t\t<\/div>\n\t\t\t\t\t<\/details>\n\t\t\t\t\t\t<details id=\"e-n-accordion-item-6284\" class=\"e-n-accordion-item\" >\n\t\t\t\t<summary class=\"e-n-accordion-item-title\" data-accordion-index=\"5\" tabindex=\"-1\" aria-expanded=\"false\" aria-controls=\"e-n-accordion-item-6284\" >\n\t\t\t\t\t<span class='e-n-accordion-item-title-header'><h4 class=\"e-n-accordion-item-title-text\"> Ein Konto erstellen oder anmelden <\/h4><\/span>\n\t\t\t\t\t\t\t<span class='e-n-accordion-item-title-icon'>\n\t\t\t<span class='e-opened' ><i aria-hidden=\"true\" class=\"fas fa-minus\"><\/i><\/span>\n\t\t\t<span class='e-closed'><i aria-hidden=\"true\" class=\"fas fa-plus\"><\/i><\/span>\n\t\t<\/span>\n\n\t\t\t\t\t\t<\/summary>\n\t\t\t\t<div class=\"wd-negative-gap elementor-element elementor-element-c90fe22 e-flex e-con-boxed e-con e-child\" role=\"region\" aria-labelledby=\"e-n-accordion-item-6284\" data-id=\"c90fe22\" data-element_type=\"container\">\n\t\t\t\t\t<div class=\"e-con-inner\">\n\t\t\t\t<div class=\"elementor-element elementor-element-3b390fd elementor-widget elementor-widget-wd_text_block\" data-id=\"3b390fd\" data-element_type=\"widget\" data-widget_type=\"wd_text_block.default\">\n\t\t\t\t<div class=\"elementor-widget-container\">\n\t\t\t\t\t\t\t<div class=\"wd-text-block reset-last-child text-left\">\n\t\t\t\n\t\t\t<p>Um ein neues Konto zu erstellen oder sich bei Ihrem bestehenden Konto anzumelden, klicken Sie auf den Link \"<a href=\"https:\/\/www.naturespices.net\/my-account\/\">Mein Konto<\/a>\" in der Men\u00fcleiste. F\u00fcllen Sie die entsprechenden Felder aus und klicken Sie dann auf die Schaltfl\u00e4che \"Anmelden\" oder \"Registrieren\".<\/p><p>Sobald Sie ein Kundenkonto erstellt haben, k\u00f6nnen Sie Ihre letzten Bestellungen einsehen, Ihre Liefer- und Rechnungsadresse verwalten und Ihr Passwort und Ihre Kontodaten bearbeiten.<\/p>\n\t\t\t\t\t<\/div>\n\t\t\t\t\t\t<\/div>\n\t\t\t\t<\/div>\n\t\t\t\t\t<\/div>\n\t\t\t\t<\/div>\n\t\t\t\t\t<\/details>\n\t\t\t\t\t\t<details id=\"e-n-accordion-item-6285\" class=\"e-n-accordion-item\" >\n\t\t\t\t<summary class=\"e-n-accordion-item-title\" data-accordion-index=\"6\" tabindex=\"-1\" aria-expanded=\"false\" aria-controls=\"e-n-accordion-item-6285\" >\n\t\t\t\t\t<span class='e-n-accordion-item-title-header'><h4 class=\"e-n-accordion-item-title-text\"> Kontakt <\/h4><\/span>\n\t\t\t\t\t\t\t<span class='e-n-accordion-item-title-icon'>\n\t\t\t<span class='e-opened' ><i aria-hidden=\"true\" class=\"fas fa-minus\"><\/i><\/span>\n\t\t\t<span class='e-closed'><i aria-hidden=\"true\" class=\"fas fa-plus\"><\/i><\/span>\n\t\t<\/span>\n\n\t\t\t\t\t\t<\/summary>\n\t\t\t\t<div class=\"wd-negative-gap elementor-element elementor-element-710653a e-flex e-con-boxed e-con e-child\" role=\"region\" aria-labelledby=\"e-n-accordion-item-6285\" data-id=\"710653a\" data-element_type=\"container\">\n\t\t\t\t\t<div class=\"e-con-inner\">\n\t\t\t\t<div class=\"elementor-element elementor-element-9b8e0e1 elementor-widget elementor-widget-wd_text_block\" data-id=\"9b8e0e1\" data-element_type=\"widget\" data-widget_type=\"wd_text_block.default\">\n\t\t\t\t<div class=\"elementor-widget-container\">\n\t\t\t\t\t\t\t<div class=\"wd-text-block reset-last-child text-left\">\n\t\t\t\n\t\t\t<p>Wenn Sie weitere Hilfe ben\u00f6tigen, wenden Sie sich bitte \u00fcber das <a href=\"https:\/\/www.naturespices.net\/de\/kontakt\/\">Kontaktformular<\/a> an unseren Kundendienst.<\/p>\n\t\t\t\t\t<\/div>\n\t\t\t\t\t\t<\/div>\n\t\t\t\t<\/div>\n\t\t\t\t\t<\/div>\n\t\t\t\t<\/div>\n\t\t\t\t\t<\/details>\n\t\t\t\t\t<\/div>\n\t\t\t\t\t<script type=\"application\/ld+json\">{\"@context\":\"https:\\\/\\\/schema.org\",\"@type\":\"FAQPage\",\"mainEntity\":[{\"@type\":\"Question\",\"name\":\"Qualit\\u00e4t der Produkte\",\"acceptedAnswer\":{\"@type\":\"Answer\",\"text\":\"\"}},{\"@type\":\"Question\",\"name\":\"Ein Produkt bestellen\",\"acceptedAnswer\":{\"@type\":\"Answer\",\"text\":\"\"}},{\"@type\":\"Question\",\"name\":\"Lieferkosten und L\\u00e4nder\",\"acceptedAnswer\":{\"@type\":\"Answer\",\"text\":\"\"}},{\"@type\":\"Question\",\"name\":\"Unterst\\u00fctzte Zahlungsarten\",\"acceptedAnswer\":{\"@type\":\"Answer\",\"text\":\"\"}},{\"@type\":\"Question\",\"name\":\"Ein Konto erstellen oder anmelden\",\"acceptedAnswer\":{\"@type\":\"Answer\",\"text\":\"\"}},{\"@type\":\"Question\",\"name\":\"Kontakt\",\"acceptedAnswer\":{\"@type\":\"Answer\",\"text\":\"\"}}]}<\/script>\n\t\t\t\t\t\t\t<\/div>\n\t\t\t\t<\/div>\n\t\t\t\t\t<\/div>\n\t\t\t\t<\/div>\n\t\t\t\t<\/div>\n\t\t","protected":false},"excerpt":{"rendered":"<p>Hilfe FAQs &amp; Support f\u00fcr Ihre Bestellungen Finden Sie Antworten mit der Nature Spices Hilfe: H\u00e4ufig gestellte Fragen (FAQs), Auftragsverfolgung,<\/p>\n","protected":false},"author":1,"featured_media":0,"parent":0,"menu_order":0,"comment_status":"closed","ping_status":"closed","template":"elementor_header_footer","meta":{"footnotes":""},"class_list":["post-13272","page","type-page","status-publish","hentry"],"_links":{"self":[{"href":"https:\/\/www.naturespices.net\/de\/wp-json\/wp\/v2\/pages\/13272","targetHints":{"allow":["GET"]}}],"collection":[{"href":"https:\/\/www.naturespices.net\/de\/wp-json\/wp\/v2\/pages"}],"about":[{"href":"https:\/\/www.naturespices.net\/de\/wp-json\/wp\/v2\/types\/page"}],"author":[{"embeddable":true,"href":"https:\/\/www.naturespices.net\/de\/wp-json\/wp\/v2\/users\/1"}],"replies":[{"embeddable":true,"href":"https:\/\/www.naturespices.net\/de\/wp-json\/wp\/v2\/comments?post=13272"}],"version-history":[{"count":4,"href":"https:\/\/www.naturespices.net\/de\/wp-json\/wp\/v2\/pages\/13272\/revisions"}],"predecessor-version":[{"id":42558,"href":"https:\/\/www.naturespices.net\/de\/wp-json\/wp\/v2\/pages\/13272\/revisions\/42558"}],"wp:attachment":[{"href":"https:\/\/www.naturespices.net\/de\/wp-json\/wp\/v2\/media?parent=13272"}],"curies":[{"name":"wp","href":"https:\/\/api.w.org\/{rel}","templated":true}]}}