{"id":13274,"date":"2023-06-30T06:42:43","date_gmt":"2023-06-30T06:42:43","guid":{"rendered":"https:\/\/www.naturespices.net\/impressum\/"},"modified":"2024-03-18T15:35:46","modified_gmt":"2024-03-18T15:35:46","slug":"impressum","status":"publish","type":"page","link":"https:\/\/www.naturespices.net\/de\/impressum\/","title":{"rendered":"Impressum"},"content":{"rendered":"\t\t<div data-elementor-type=\"wp-page\" data-elementor-id=\"13274\" class=\"elementor elementor-13274 elementor-1182\" data-elementor-post-type=\"page\">\n\t\t\t\t\t\t<section class=\"wd-negative-gap elementor-section elementor-top-section elementor-element elementor-element-50fcd9e elementor-section-height-min-height wd-section-stretch-content elementor-hidden-desktop elementor-hidden-tablet elementor-hidden-mobile elementor-section-boxed elementor-section-height-default elementor-section-items-middle\" data-id=\"50fcd9e\" data-element_type=\"section\" data-settings=\"{&quot;background_background&quot;:&quot;classic&quot;}\">\n\t\t\t\t\t\t\t<div class=\"elementor-background-overlay\"><\/div>\n\t\t\t\t\t\t\t<div class=\"elementor-container elementor-column-gap-default\">\n\t\t\t\t\t<div class=\"elementor-column elementor-col-100 elementor-top-column elementor-element elementor-element-9993511\" data-id=\"9993511\" data-element_type=\"column\">\n\t\t\t<div class=\"elementor-widget-wrap elementor-element-populated\">\n\t\t\t\t\t\t<div class=\"elementor-element elementor-element-af0c24c elementor-widget elementor-widget-heading\" data-id=\"af0c24c\" data-element_type=\"widget\" data-widget_type=\"heading.default\">\n\t\t\t\t<div class=\"elementor-widget-container\">\n\t\t\t\t\t<h2 class=\"elementor-heading-title elementor-size-default\">Impressum<\/h2>\t\t\t\t<\/div>\n\t\t\t\t<\/div>\n\t\t\t\t\t<\/div>\n\t\t<\/div>\n\t\t\t\t\t<\/div>\n\t\t<\/section>\n\t\t\t\t<section class=\"wd-negative-gap elementor-section elementor-top-section elementor-element elementor-element-4c63687 elementor-section-boxed elementor-section-height-default elementor-section-height-default\" data-id=\"4c63687\" data-element_type=\"section\">\n\t\t\t\t\t\t<div class=\"elementor-container elementor-column-gap-default\">\n\t\t\t\t\t<div class=\"elementor-column elementor-col-100 elementor-top-column elementor-element elementor-element-2eb04fd\" data-id=\"2eb04fd\" data-element_type=\"column\">\n\t\t\t<div class=\"elementor-widget-wrap elementor-element-populated\">\n\t\t\t\t\t\t<div class=\"elementor-element elementor-element-d97af00 color-scheme-inherit text-left elementor-widget elementor-widget-text-editor\" data-id=\"d97af00\" data-element_type=\"widget\" data-widget_type=\"text-editor.default\">\n\t\t\t\t<div class=\"elementor-widget-container\">\n\t\t\t\t\t\t\t\t\t<h5>Gem\u00e4\u00df \u00a7 5 TMG<\/h5>\n<p>SuSe IMPEX UG (haftungsbeschr\u00e4nkt)<br \/>Pappelallee 78\/79<br \/>10437 Berlin<\/p>\n<p>Vertreten durch:<\/p>\n<p>Sebastian Schaper<br \/>Gesch\u00e4ftsf\u00fchrender Gesellschafter<\/p>\n<h5>Kontakt<\/h5>\n<p>E-Mail: <a href=\"mailto:info@naturespices.net\">info@naturespices.net<\/a><br \/>Website: <a href=\"https:\/\/www.naturespices.net\/de\/\" target=\"_blank\" rel=\"noopener noreferrer\">https:\/\/www.naturespices.net<\/a><\/p>\n<h5>Register<\/h5>\n<p>Registergericht: Berlin (Charlottenburg)<br \/>Registernummer: HRB 199709 B<br \/>Steueridentifikationsnummer: DE342960560<\/p>\n<h5>\u00d6KO-Kontrollstelle<\/h5>\n<p>DE-\u00d6KO-003<\/p>\n<h5>Online-Streitbeilegung gem\u00e4\u00df Art. 14 Abs. 1 ODR-VO<\/h5>\n<p>Die Europ\u00e4ische Kommission stellt eine Plattform f\u00fcr die Online-Streitbeilegung (OS) zur Verf\u00fcgung, die Sie hier finden: http: <a href=\"http:\/\/ec.europa.eu\/consumers\/odr\/\" target=\"_blank\" rel=\"noopener noreferrer\">\/\/ec.europa.eu\/consumers\/odr\/.<\/a><br \/>Wir sind nicht verpflichtet und nicht bereit, an einem Streitbeilegungsverfahren vor einer Verbraucherschlichtungsstelle teilzunehmen.<\/p>\n<h5>Haftungsausschluss<\/h5>\n<p><em>Haftung f\u00fcr Inhalte<\/em><br \/>Alle Inhalte unserer Website wurden mit gr\u00f6\u00dftm\u00f6glicher Sorgfalt und nach bestem Gewissen erstellt. F\u00fcr die Richtigkeit, Vollst\u00e4ndigkeit und Aktualit\u00e4t der Inhalte k\u00f6nnen wir jedoch keine Gew\u00e4hr \u00fcbernehmen. Als Diensteanbieter sind wir gem\u00e4\u00df \u00a7 7 Abs.1 TMG f\u00fcr eigene Leistungen nach den allgemeinen Gesetzen verantwortlich. TMG f\u00fcr eigene Inhalte auf diesen Seiten nach den allgemeinen Gesetzen. Nach \u00a7\u00a7 8 bis 10 TMG sind wir als Diensteanbieter jedoch nicht verpflichtet, \u00fcbermittelte oder gespeicherte fremde Informationen zu \u00fcberwachen oder nach Umst\u00e4nden zu forschen, die auf eine rechtswidrige T\u00e4tigkeit hinweisen. Verpflichtungen zur Entfernung oder Sperrung der Nutzung von Informationen nach den allgemeinen Gesetzen bleiben hiervon unber\u00fchrt. Eine diesbez\u00fcgliche Haftung ist jedoch erst ab dem Zeitpunkt der Kenntnis einer konkreten Rechtsverletzung m\u00f6glich. Bei Bekanntwerden von entsprechenden Rechtsverletzungen werden wir diese Inhalte umgehend entfernen.<\/p>\n<p><em>Haftungsbeschr\u00e4nkung f\u00fcr externe Links<\/em><br \/>Unsere Website enth\u00e4lt Links zu externen Websites von Dritten. Wir haben keinen Einfluss auf den Inhalt dieser direkt oder indirekt verlinkten Websites. Deshalb k\u00f6nnen wir f\u00fcr die Richtigkeit der Inhalte der &#8222;externen Links&#8220; keine Gew\u00e4hr \u00fcbernehmen. F\u00fcr die Inhalte der verlinkten Seiten ist stets der jeweilige Anbieter oder Betreiber (Autor) der Seiten verantwortlich. Die externen Links wurden zum Zeitpunkt der Verlinkung auf m\u00f6gliche Rechtsverst\u00f6\u00dfe \u00fcberpr\u00fcft und waren zum Zeitpunkt der Verlinkung frei von illegalen Inhalten. Eine st\u00e4ndige Kontrolle der Inhalte externer Links ist f\u00fcr uns ohne konkrete Hinweise auf Rechtsverst\u00f6\u00dfe nicht zumutbar. Bei direkten oder indirekten Verweisen auf fremde Internetseiten (&#8222;Links&#8220;), die au\u00dferhalb unseres Verantwortungsbereiches liegen, w\u00fcrde eine Haftungsverpflichtung ausschlie\u00dflich in dem Fall in Kraft treten, in dem wir von den Inhalten Kenntnis erlangen und es uns technisch m\u00f6glich und zumutbar w\u00e4re, die Nutzung im Falle rechtswidriger Inhalte zu verhindern. Dieser Haftungsausschluss gilt auch f\u00fcr die innerhalb der eigenen Internetpr\u00e4senz &#8222;name of your domain&#8220; gesetzten Links und Verweise von Fragestellern, Bloggern, G\u00e4sten des Diskussionsforums. F\u00fcr illegale, fehlerhafte oder unvollst\u00e4ndige Inhalte und insbesondere f\u00fcr Sch\u00e4den, die aus der Nutzung oder Nichtnutzung solcherart dargebotener Informationen entstehen, haftet allein der Anbieter der Seite, auf welche verwiesen wurde, nicht derjenige, der \u00fcber Links auf die jeweilige Ver\u00f6ffentlichung lediglich verweist. Bei Kenntnis von Rechtsverst\u00f6\u00dfen werden jedoch derartige externe Links unverz\u00fcglich von uns entfernt.<\/p>\n<h5>Urheberrecht<\/h5>\n<p>Die durch die Seitenbetreiber erstellten Inhalte und Werke auf diesen Seiten unterliegen dem deutschen Urheberrecht. Die Vervielf\u00e4ltigung, Bearbeitung, Verbreitung und jede Art der Verwertung au\u00dferhalb der Grenzen des Urheberrechtes bed\u00fcrfen der schriftlichen Zustimmung des jeweiligen Autors bzw. Erstellers. Downloads und Kopien dieser Seite sind nur f\u00fcr den privaten, nicht kommerziellen Gebrauch gestattet. Soweit die Inhalte auf dieser Seite nicht vom Betreiber erstellt wurden, werden die Urheberrechte Dritter beachtet. Insbesondere werden Inhalte Dritter als solche gekennzeichnet. Sollten Sie trotzdem auf eine Urheberrechtsverletzung aufmerksam werden, bitten wir um einen entsprechenden Hinweis. Bei Bekanntwerden von Rechtsverletzungen werden wir derartige Inhalte umgehend entfernen.<\/p>\n<p>Quellen f\u00fcr die verwendeten Bilder und Grafiken:<\/p>\n<p>Adobe Stock &#8211; <a href=\"http:\/\/stock.adobe.com\/\" target=\"_blank\" rel=\"noopener noreferrer\">http:\/\/stock.adobe.com<\/a><\/p>\n\t\t\t\t\t\t\t\t<\/div>\n\t\t\t\t<\/div>\n\t\t\t\t\t<\/div>\n\t\t<\/div>\n\t\t\t\t\t<\/div>\n\t\t<\/section>\n\t\t\t\t<\/div>\n\t\t","protected":false},"excerpt":{"rendered":"<p>Impressum Gem\u00e4\u00df \u00a7 5 TMG SuSe IMPEX UG (haftungsbeschr\u00e4nkt)Pappelallee 78\/7910437 Berlin Vertreten durch: Sebastian SchaperGesch\u00e4ftsf\u00fchrender Gesellschafter Kontakt E-Mail: info@naturespices.netWebsite: https:\/\/www.naturespices.net<\/p>\n","protected":false},"author":1,"featured_media":0,"parent":0,"menu_order":0,"comment_status":"closed","ping_status":"closed","template":"elementor_header_footer","meta":{"footnotes":""},"class_list":["post-13274","page","type-page","status-publish","hentry"],"_links":{"self":[{"href":"https:\/\/www.naturespices.net\/de\/wp-json\/wp\/v2\/pages\/13274","targetHints":{"allow":["GET"]}}],"collection":[{"href":"https:\/\/www.naturespices.net\/de\/wp-json\/wp\/v2\/pages"}],"about":[{"href":"https:\/\/www.naturespices.net\/de\/wp-json\/wp\/v2\/types\/page"}],"author":[{"embeddable":true,"href":"https:\/\/www.naturespices.net\/de\/wp-json\/wp\/v2\/users\/1"}],"replies":[{"embeddable":true,"href":"https:\/\/www.naturespices.net\/de\/wp-json\/wp\/v2\/comments?post=13274"}],"version-history":[{"count":2,"href":"https:\/\/www.naturespices.net\/de\/wp-json\/wp\/v2\/pages\/13274\/revisions"}],"predecessor-version":[{"id":19149,"href":"https:\/\/www.naturespices.net\/de\/wp-json\/wp\/v2\/pages\/13274\/revisions\/19149"}],"wp:attachment":[{"href":"https:\/\/www.naturespices.net\/de\/wp-json\/wp\/v2\/media?parent=13274"}],"curies":[{"name":"wp","href":"https:\/\/api.w.org\/{rel}","templated":true}]}}