{"id":13291,"date":"2023-06-30T06:40:29","date_gmt":"2023-06-30T04:40:29","guid":{"rendered":"https:\/\/www.naturespices.net\/bedingungen-und-konditionen\/"},"modified":"2024-04-19T21:01:43","modified_gmt":"2024-04-19T19:01:43","slug":"bedingungen-und-konditionen","status":"publish","type":"page","link":"https:\/\/www.naturespices.net\/de\/bedingungen-und-konditionen\/","title":{"rendered":"Allgemeine Gesch\u00e4ftsbedingungen"},"content":{"rendered":"\t\t<div data-elementor-type=\"wp-page\" data-elementor-id=\"13291\" class=\"elementor elementor-13291 elementor-1173\" data-elementor-post-type=\"page\">\n\t\t\t\t\t\t<section class=\"wd-negative-gap elementor-section elementor-top-section elementor-element elementor-element-2637372 elementor-section-height-min-height wd-section-stretch-content elementor-section-full_width elementor-hidden-desktop elementor-hidden-tablet elementor-hidden-mobile elementor-section-height-default elementor-section-items-middle\" data-id=\"2637372\" data-element_type=\"section\" data-settings=\"{&quot;background_background&quot;:&quot;classic&quot;}\">\n\t\t\t\t\t\t<div class=\"elementor-container elementor-column-gap-default\">\n\t\t\t\t\t<div class=\"elementor-column elementor-col-100 elementor-top-column elementor-element elementor-element-def9925\" data-id=\"def9925\" data-element_type=\"column\">\n\t\t\t<div class=\"elementor-widget-wrap elementor-element-populated\">\n\t\t\t\t\t\t<div class=\"elementor-element elementor-element-19afe7c elementor-widget elementor-widget-heading\" data-id=\"19afe7c\" data-element_type=\"widget\" data-widget_type=\"heading.default\">\n\t\t\t\t<div class=\"elementor-widget-container\">\n\t\t\t\t\t<h2 class=\"elementor-heading-title elementor-size-default\">Allgemeine Gesch\u00e4ftsbedingungen<\/h2>\t\t\t\t<\/div>\n\t\t\t\t<\/div>\n\t\t\t\t\t<\/div>\n\t\t<\/div>\n\t\t\t\t\t<\/div>\n\t\t<\/section>\n\t\t\t\t<section class=\"wd-negative-gap elementor-section elementor-top-section elementor-element elementor-element-1feaf49 elementor-section-boxed elementor-section-height-default elementor-section-height-default\" data-id=\"1feaf49\" data-element_type=\"section\" data-settings=\"{&quot;background_background&quot;:&quot;classic&quot;}\">\n\t\t\t\t\t\t<div class=\"elementor-container elementor-column-gap-default\">\n\t\t\t\t\t<div class=\"elementor-column elementor-col-100 elementor-top-column elementor-element elementor-element-34c6c46\" data-id=\"34c6c46\" data-element_type=\"column\">\n\t\t\t<div class=\"elementor-widget-wrap elementor-element-populated\">\n\t\t\t\t\t\t<div class=\"elementor-element elementor-element-bd0524f color-scheme-inherit text-left elementor-widget elementor-widget-text-editor\" data-id=\"bd0524f\" data-element_type=\"widget\" data-widget_type=\"text-editor.default\">\n\t\t\t\t<div class=\"elementor-widget-container\">\n\t\t\t\t\t\t\t\t\t<h5>Vertragspartei<\/h5>\n<p>Auf der Grundlage dieser Allgemeinen Gesch\u00e4ftsbedingungen (AGB) kommt zwischen dem Kunden und<br \/>SuSe IMPEX UG (haftungsbeschr\u00e4nkt)<br \/>Vertreten durch Sebastian Schaper<br \/>Anschrift: Pappelallee 78\/79 10437 Berlin<\/p>\n<p>Handelsregister: Charlottenburg (Berlin)<br \/>Handelsregisternummer: HRB 199709 B<br \/>Steuernummer: 37\/553\/50841<br \/>, nachstehend Anbieter genannt, den Vertrag geschlossen.<\/p>\n<h5>Vertrag<\/h5>\n<p>Diese Vereinbarung regelt den Verkauf von neuen Produkten \u00fcber den Online-Shop des Anbieters. Wegen der Einzelheiten des jeweiligen Angebots wird auf die Produktbeschreibung der Angebotsseite verwiesen.<\/p>\n<h5>Schlussfolgerung<\/h5>\n<p>Der Vertragsschluss erfolgt ausschlie\u00dflich im elektronischen Gesch\u00e4ftsverkehr \u00fcber das Shopsystem. Die dargestellten Angebote stellen eine unverbindliche Aufforderung zur Abgabe eines Angebots durch die Kundenbestellung dar, die der Anbieter dann annehmen kann.<\/p>\n<p>Der Bestellprozess zum Vertragsabschluss umfasst folgende Schritte im Shopsystem:<\/p>\n<ul>\n<li>Auswahl des Angebots in der gew\u00fcnschten Spezifikation (Gr\u00f6\u00dfe, Farbe, Anzahl)<\/li>\n<li>Das Angebot in den Warenkorb legen<\/li>\n<li>Dr\u00fccken Sie die Schaltfl\u00e4che &#8222;Weiter zur Kasse&#8220;.<\/li>\n<li>Geben Sie die Rechnungs- und Lieferadresse ein<\/li>\n<li>Auswahl der Zahlungsmethode<\/li>\n<li>Pr\u00fcfung und Bearbeitung des Auftrags und aller Eingaben<\/li>\n<li>Dr\u00fccken Sie die Taste &#8218;Bestellen&#8216;.<\/li>\n<li>Best\u00e4tigungsmail, dass die Bestellung angekommen ist<\/li>\n<li>Mit dem Absenden der Auftragsbest\u00e4tigung kommt der Vertrag zustande.<\/li>\n<\/ul>\n<h5>Vertragsdauer<\/h5>\n<p>Der Vertrag hat eine Laufzeit von 1 Lieferung(en) vorbehaltlich der K\u00fcndigung. Der Gesamtpreis errechnet sich aus den folgenden Komponenten: Produktpreis + Lieferkosten.<\/p>\n<h5>Eigentumsvorbehalt<\/h5>\n<p>Bis zur vollst\u00e4ndigen Bezahlung bleibt die gelieferte Ware Eigentum des Anbieters.<\/p>\n<h5>Reservierungen<\/h5>\n<p>Der Anbieter beh\u00e4lt sich das Recht vor, eine in Qualit\u00e4t und Preis gleichwertige Leistung zu erbringen. Die im Shop gezeigte Leistung ist beispielhaft und nicht die individuelle, vertragliche Leistung. Der Anbieter beh\u00e4lt sich das Recht vor, im Falle der Nichtverf\u00fcgbarkeit der zugesagten Leistung diese nicht zu erbringen.<\/p>\n<h5>Preise, Versandkosten, R\u00fccksendekosten<\/h5>\n<p>Alle Preise sind Endpreise und enthalten die gesetzliche Mehrwertsteuer. Zus\u00e4tzlich zu den Endpreisen fallen je nach Versandart weitere Kosten an, die vor dem Absenden der Bestellung angezeigt werden. Besteht ein Widerrufsrecht und wird von diesem Gebrauch gemacht, tr\u00e4gt der Kunde die Kosten der R\u00fccksendung.<\/p>\n<h5>Zahlungsbedingungen<\/h5>\n<p>Der Kunde hat nur folgende M\u00f6glichkeiten zur Zahlung: Zahlungsdienstleister PayPal und AmazonPay. Weitere Zahlungsarten werden nicht angeboten und werden abgelehnt.<br \/>Die Einschaltung eines Treuh\u00e4nders\/Zahlungsdienstleisters erm\u00f6glicht es dem Anbieter und dem Kunden, die Zahlung untereinander abzuwickeln. Der Treuhanddienstleister\/Zahlungsdienstleister leitet die Zahlung des Kunden an den Anbieter weiter. Weitere Informationen finden Sie auf der Website des jeweiligen Treuhanddienstes\/Zahlungsdienstleisters. Der Kunde ist verpflichtet, den ausgewiesenen Betrag innerhalb von 14 Tagen nach Erhalt der Rechnung auf das in der Rechnung angegebene Konto zu zahlen oder zu \u00fcberweisen. Die Zahlung ist ab Rechnungsdatum ohne Abzug f\u00e4llig. Nach Ablauf der so kalenderm\u00e4\u00dfig bestimmten Zahlungsfrist kommt der Kunde auch ohne Mahnung in Verzug. Ein Zur\u00fcckbehaltungsrecht des Kunden, das nicht auf demselben Vertragsverh\u00e4ltnis beruht, ist ausgeschlossen.<\/p>\n<h5>Lieferbedingungen<\/h5>\n<p>Die Ware wird sofort nach Eingang der Bestellung verschickt. Der Versand erfolgt im Durchschnitt nach sp\u00e4testens 3 Tagen. Der Unternehmer verpflichtet sich, bis zum 10. Tag nach Eingang der Bestellung zu liefern. Die regul\u00e4re Lieferzeit betr\u00e4gt 5 Tage, sofern in der Artikelbeschreibung nicht anders angegeben. Der Lieferant versendet die Bestellung aus seinem eigenen Lager, sobald die gesamte Bestellung auf Lager ist. Der Kunde wird \u00fcber Verz\u00f6gerungen unverz\u00fcglich informiert. Hat der Anbieter ein dauerhaftes Lieferhindernis, insbesondere h\u00f6here Gewalt oder Nichtbelieferung durch eigene Lieferanten, nicht zu vertreten, obwohl ein entsprechendes Deckungsgesch\u00e4ft rechtzeitig abgeschlossen wurde, ist der Anbieter berechtigt, von einem Vertrag mit dem Kunden zur\u00fcckzutreten. Der Kunde wird hiervon unverz\u00fcglich unterrichtet und bereits empfangene Leistungen, insbesondere Zahlungen, werden zur\u00fcckerstattet.<\/p>\n<h5>Garantie f\u00fcr physische Produkte<\/h5>\n<p>Dem Lieferanten wird das Wahlrecht zwischen Nachbesserung und Neulieferung einger\u00e4umt, wenn die Ware neu ist und der Kunde Unternehmer ist. Ist der Kunde Unternehmer, ist die Gew\u00e4hrleistung f\u00fcr gebrauchte Waren ausgeschlossen. Ist der Kunde Verbraucher, ist die Gew\u00e4hrleistungsfrist f\u00fcr gebrauchte Waren auf ein Jahr begrenzt. Dies gilt nicht f\u00fcr Schadensersatzanspr\u00fcche des Kunden aus der Verletzung des Lebens, des K\u00f6rpers, der Gesundheit oder wesentlicher Vertragspflichten, deren Erf\u00fcllung zur Erreichung des Ziels des Vertrags notwendig ist. Dies gilt ebenfalls nicht f\u00fcr Schadensersatzanspr\u00fcche nach grob fahrl\u00e4ssiger oder vors\u00e4tzlicher Pflichtverletzung durch den Anbieter oder seinen gesetzlichen Vertreter oder Erf\u00fcllungsgehilfen. Im \u00dcbrigen gelten die gesetzlichen Bestimmungen.<\/p>\n<h5>Vertragsgestaltung<\/h5>\n<p>Ist der Kunde Unternehmer, geht die Gefahr des zuf\u00e4lligen Untergangs und \/ oder der zuf\u00e4lligen Verschlechterung der Ware mit der Auslieferung der Ware an die gew\u00e4hlte Leistungserbringerin auf den Kunden \u00fcber. Der Vertragstext wird vom Anbieter gespeichert. Der Kunde hat keine M\u00f6glichkeit, selbst direkt auf den gespeicherten Vertragstext zuzugreifen. Der Kunde kann Fehler in der Eingabe w\u00e4hrend des Bestellvorgangs korrigieren. Dazu kann er wie folgt vorgehen: im Warenkorb und im Kundenkonto.<\/p>\n<h5>Widerrufsrecht f\u00fcr physische Produkte<\/h5>\n<p>Sie haben das Recht, binnen vierzehn Tagen ohne Angabe von Gr\u00fcnden den Vertrag \u00fcber physische Waren zu widerrufen.<\/p>\n<p>Die Widerrufsfrist betr\u00e4gt vierzehn Tage ab dem Tag, an dem<\/p>\n<ul>\n<li>Im Falle eines Kaufvertrags: wenn Sie oder ein von Ihnen benannter Dritter, der nicht der Bef\u00f6rderer ist, das letzte Gut in Besitz genommen haben oder hat.<\/li>\n<li>Bei einem Vertrag \u00fcber mehrere Waren, die der Verbraucher im Rahmen einer einzigen Bestellung bestellt hat und die getrennt geliefert werden: an den Sie oder ein von Ihnen benannter Dritter, der nicht Bef\u00f6rderer ist, die letzte Ware in Besitz genommen hat oder in Besitz nehmen wird.<\/li>\n<li>Bei einem Vertrag \u00fcber die Lieferung einer Ware in mehreren Partien oder St\u00fccken: wenn Sie oder ein von Ihnen benannter Dritter, der nicht Frachtf\u00fchrer ist, die letzte Teillieferung oder die letzte Sendung in Besitz genommen haben oder hat.<\/li>\n<li>Bei einem Vertrag \u00fcber die regelm\u00e4\u00dfige Lieferung von Waren f\u00fcr einen bestimmten Zeitraum: wenn Sie oder ein von Ihnen benannter Dritter, der kein Bef\u00f6rderer ist, die erste Ware in Besitz genommen haben oder nehmen.<\/li>\n<li>Wenn mehrere Alternativen aufeinandertreffen, ist das letzte Mal entscheidend.<\/li>\n<\/ul>\n<p>Um Ihr Widerrufsrecht auszu\u00fcben, m\u00fcssen Sie (SuSe IMPEX UG, Pappelallee 78\/79 10437 Berlin) mittels einer eindeutigen Erkl\u00e4rung (z.B. ein mit der Post versandter Brief, Telefax oder E-Mail) \u00fcber Ihren Entschluss, diesen Vertrag zu widerrufen, informieren.<\/p>\n<p>Zur Wahrung der Widerrufsfrist reicht es aus, dass Sie die Mitteilung \u00fcber die Aus\u00fcbung des Widerrufsrechts vor Ablauf der Widerrufsfrist absenden.<\/p>\n<p><em>Folgen der Annullierung<\/em><\/p>\n<p>Wenn Sie diesen Vertrag widerrufen, haben wir Ihnen alle Zahlungen, die wir von Ihnen erhalten haben, einschlie\u00dflich der Lieferkosten (mit Ausnahme der zus\u00e4tzlichen Kosten, die sich daraus ergeben, dass Sie eine andere Art der Lieferung als die von uns angebotene, g\u00fcnstige Standardlieferung gew\u00e4hlt haben), unverz\u00fcglich und sp\u00e4testens binnen vierzehn Tagen ab dem Tag zur\u00fcckzuzahlen, an dem die Mitteilung \u00fcber Ihren Widerruf dieses Vertrags bei uns eingegangen ist. F\u00fcr diese R\u00fcckzahlung verwenden wir dasselbe Zahlungsmittel, das Sie bei der urspr\u00fcnglichen Transaktion eingesetzt haben, es sei denn, mit Ihnen wurde ausdr\u00fccklich etwas anderes vereinbart; in keinem Fall werden Ihnen wegen dieser R\u00fcckzahlung Entgelte berechnet. Wir k\u00f6nnen die R\u00fcckzahlung verweigern, bis wir die Waren wieder zur\u00fcckerhalten haben oder bis Sie den Nachweis erbracht haben, dass Sie die Waren zur\u00fcckgesandt haben, je nachdem, welches der fr\u00fchere Zeitpunkt ist.<\/p>\n<p>Sie haben die Waren unverz\u00fcglich und in jedem Fall sp\u00e4testens binnen vierzehn Tagen ab dem Tag, an dem Sie uns \u00fcber den Widerruf dieses Vertrags unterrichten, an SuSe IMPEX UG, Pappelallee 78\/79 10437 Berlin zur\u00fcckzusenden. Die Frist ist gewahrt, wenn Sie die Waren vor Ablauf der Frist von vierzehn Tagen absenden.<\/p>\n<p>Sie tragen die unmittelbaren Kosten der R\u00fccksendung der Waren.<\/p>\n<p>Sie m\u00fcssen f\u00fcr einen etwaigen Wertverlust der Waren nur aufkommen, wenn dieser Wertverlust auf einen zur Pr\u00fcfung der Beschaffenheit, Eigenschaften und Funktionsweise der Waren nicht notwendigen Umgang mit ihnen zur\u00fcckzuf\u00fchren ist.<\/p>\n<h5>Bedingungen und Konditionen f\u00fcr Retreats<\/h5>\n<p>Die folgenden allgemeinen Gesch\u00e4ftsbedingungen gelten f\u00fcr die Durchf\u00fchrung von Retreats durch die SuSe IMPEX UG (haftungsbeschr\u00e4nkt), unabh\u00e4ngig vom Ort des gebuchten Retreats. SuSe IMPEX UG (haftungsbeschr\u00e4nkt) ist f\u00fcr die Organisation und Durchf\u00fchrung des Retreats verantwortlich. SuSe IMPEX UG (haftungsbeschr\u00e4nkt) ist weder ein Reiseveranstalter noch ein Reiseb\u00fcro. Ihr Vertragspartner ist: SuSe IMPEX UG (haftungsbeschr\u00e4nkt) &#8211; Pappelallee 78\/79, 10437 Berlin, info@naturespices.net. Das Mindestalter f\u00fcr die Buchung und Teilnahme an den Retreats betr\u00e4gt 18 Jahre. Der Teilnehmer bucht das Retreat \u00fcber das aktuelle Buchungssystem auf der angegebenen Website. Mit der Registrierung \u00fcber das Buchungssystem best\u00e4tigen Sie, dass Sie mit den Bedingungen einverstanden sind. Die Anmeldung ist mit der Zahlung der Geb\u00fchr verbindlich. Der Kaufpreis ist sofort bei Buchung f\u00e4llig. Die auf der Website angegebenen Preise sind Endpreise und enthalten die derzeit g\u00fcltige Mehrwertsteuer.<\/p>\n<h5>Rechte und Pflichten des Teilnehmers bei Retreats<\/h5>\n<p>Der Teilnehmer ist verpflichtet, seine pers\u00f6nlichen Daten w\u00e4hrend des Bestellvorgangs wahrheitsgem\u00e4\u00df und vollst\u00e4ndig anzugeben. Der Teilnehmer verpflichtet sich, \u00c4nderungen seiner Daten, wie z.B. E-Mail-Adresse, Name, Adresse und Telefonnummer, rechtzeitig zu melden. Der Teilnehmer muss die notwendigen Voraussetzungen f\u00fcr die Teilnahme an den Retreats auf eigene Verantwortung und auf eigene Kosten erf\u00fcllen. Dies gilt insbesondere f\u00fcr die Buchung \/ eventuelle Stornierung von Transport, Unterkunft und Verpflegung. Die Teilnahme am Retreat erfordert eine normale geistige und k\u00f6rperliche Belastbarkeit. Wenn sich der Teilnehmer in \u00e4rztlicher oder psychotherapeutischer Behandlung befindet, muss er die Teilnahme mit dem Arzt oder Therapeuten besprechen. Bitte teilen Sie der SuSe IMPEX UG (haftungsbeschr\u00e4nkt) vor Beginn des Retreats etwaige k\u00f6rperliche oder psychische Einschr\u00e4nkungen oder Beschwerden mit, damit sich der Kursleiter darauf einstellen kann.<\/p>\n<h5>Rechte und Pflichten der SuSe IMPEX UG (haftungsbeschr\u00e4nkt) bei Retreats<\/h5>\n<p>Der Umfang der von der SuSe IMPEX UG (haftungsbeschr\u00e4nkt) zu erbringenden Leistungen erstreckt sich ausschlie\u00dflich auf die Durchf\u00fchrung des Retreats. Die SuSe IMPEX UG (haftungsbeschr\u00e4nkt) schuldet keine zus\u00e4tzlichen Leistungen. Die SuSe IMPEX UG (haftungsbeschr\u00e4nkt) ist berechtigt, den Zeitpunkt oder den Inhalt eines Retreats zu \u00e4ndern oder einzelne Bestandteile davon wegzulassen, sofern dies das Ziel und den Gesamtcharakter des Retreats nicht ver\u00e4ndert. SuSe IMPEX UG (haftungsbeschr\u00e4nkt) ist berechtigt, dem Teilnehmer mindestens eine Woche vor Beginn des Retreats eine Informations-E-Mail mit den zusammengefassten Informationen \u00fcber das Retreat zu schicken. In dieser E-Mail wird auch angegeben, ob Materialien wie z.B. Yogamatten von den Teilnehmern selbst mitgebracht werden m\u00fcssen oder am Veranstaltungsort verf\u00fcgbar sind. Die SuSe IMPEX UG (haftungsbeschr\u00e4nkt) ist berechtigt, andere Lehrkr\u00e4fte f\u00fcr die Durchf\u00fchrung des Retreats einzusetzen, wenn die angek\u00fcndigte Lehrkraft nicht verf\u00fcgbar ist. Die Abl\u00f6sung des Lehrers berechtigt den Teilnehmer nicht, vom Vertrag zur\u00fcckzutreten oder den Vertrag zu k\u00fcndigen. SuSe IMPEX UG (haftungsbeschr\u00e4nkt) verpflichtet sich, die Teilnehmer sp\u00e4testens zwei Wochen vor Kursbeginn \u00fcber die Nichtdurchf\u00fchrbarkeit des Retreats aufgrund des Nichterreichens der Mindestteilnehmerzahl zu informieren, die gezahlte Kursgeb\u00fchr wird dann umgehend zur\u00fcckerstattet. Die SuSe IMPEX UG (haftungsbeschr\u00e4nkt) haftet nicht f\u00fcr die Anspr\u00fcche der Teilnehmer aus ihrem Vertragsverh\u00e4ltnis mit dem Seminarhotel. Dies gilt auch f\u00fcr etwaige Anspr\u00fcche der Teilnehmer infolge einer Stornierung ihrer Hotelbuchung nach Absage des Retreats. Ein Widerrufsrecht f\u00fcr Verbraucher besteht nicht, \u00a7 312g Abs. 2 Satz 1 Nr. 9 BGB. Die Buchung eines Retreats ist eine Dienstleistung im Zusammenhang mit einer Freizeitaktivit\u00e4t. Gem\u00e4\u00df \u00a7 312g Abs. 2 Nr. 9 BGB besteht f\u00fcr solche Dienstleistungen kein Widerrufsrecht.<\/p>\n<h5>Stornierung\/Ersatzteilnehmer von Retreats<\/h5>\n<p>Der Teilnehmer kann jederzeit vor Beginn des Retreats stornieren. Die Entsch\u00e4digung wird nach dem Datum des Eingangs der schriftlichen R\u00fccktrittserkl\u00e4rung des Teilnehmers als Prozentsatz der Kursgeb\u00fchr wie folgt berechnet:<\/p>\n<ul>\n<li>bis zu 46 Tage vor der Abreise 20% des Kaufpreises<\/li>\n<li>ab dem 45. Tag vor der Abreise 50% des Kaufpreises<\/li>\n<li>ab dem 39. Tag vor der Abreise 70% des Kaufpreises<\/li>\n<li>ab dem 29. Tag vor der Abreise 80% des Kaufpreises<\/li>\n<\/ul>\n<p>Die Stornierungsbedingungen f\u00fcr die Veranstaltungsr\u00e4ume sind aufgrund der hohen Mietpreise gew\u00e4hlt. Wir empfehlen Ihnen daher, eine Reiser\u00fccktrittsversicherung abzuschlie\u00dfen, die den anfallenden Kosten entspricht. Der Teilnehmer kann bis zum Beginn des gebuchten Retreats einen Ersatzteilnehmer stellen, der in die Rechte und Pflichten des Vertrages eintritt. Die SuSe IMPEX UG (haftungsbeschr\u00e4nkt) beh\u00e4lt sich das Recht vor, w\u00e4hrend des Retreats Bild- und Videoaufnahmen zur Verwendung und Ver\u00f6ffentlichung dieser Aufnahmen auf der eigenen Website und in den eigenen sozialen Medien sowie zur Weitergabe an Kooperationspartner zu machen. Der Teilnehmer erkl\u00e4rt hiermit sein Einverst\u00e4ndnis zu Bild- und Videoaufnahmen seiner Person. Der Teilnehmer kann sein Einverst\u00e4ndnis mit der Person, die die Aufnahmen macht, vor Ort widerrufen, bevor die Bild- und Videoaufnahmen gemacht werden.<\/p>\n<h5>Haftungsausschluss<\/h5>\n<p>Schadensersatzanspr\u00fcche des Kunden sind ausgeschlossen, soweit sich nicht aus den nachfolgenden Gr\u00fcnden etwas anderes ergibt. Dies gilt auch f\u00fcr die Vertreter und Erf\u00fcllungsgehilfen des Anbieters, wenn der Kunde diese Schadensersatzanspr\u00fcche geltend macht. Ausgeschlossen sind Schadensersatzanspr\u00fcche des Kunden aus der Verletzung des Lebens, des K\u00f6rpers, der Gesundheit oder wesentlicher Vertragspflichten, deren Erf\u00fcllung zur Erreichung des Ziels des Vertrags notwendig ist. Dies gilt ebenfalls nicht f\u00fcr Schadensersatzanspr\u00fcche nach grob fahrl\u00e4ssiger oder vors\u00e4tzlicher Pflichtverletzung durch den Anbieter oder seinen gesetzlichen Vertreter oder Erf\u00fcllungsgehilfen.<\/p>\n<h5>Abtretungs- und Verpf\u00e4ndungsverbot<\/h5>\n<p>Anspr\u00fcche oder Rechte des Kunden gegen\u00fcber dem Anbieter d\u00fcrfen ohne dessen Zustimmung nicht abgetreten oder verpf\u00e4ndet werden, es sei denn, der Kunde hat ein berechtigtes Interesse an der Abtretung oder Verpf\u00e4ndung nachgewiesen.<\/p>\n<h5>Sprache, Zust\u00e4ndigkeit und anwendbares Recht<\/h5>\n<p>Der Vertrag ist in deutscher Sprache verfasst. Die weitere Abwicklung des Vertragsverh\u00e4ltnisses findet in deutscher Sprache statt. Es gilt ausschlie\u00dflich das Recht der Bundesrepublik Deutschland. F\u00fcr Verbraucher gilt dies nur insoweit, als dadurch keine gesetzlichen Bestimmungen des Staates, in dem der Kunde seinen Wohnsitz oder gew\u00f6hnlichen Aufenthalt hat, eingeschr\u00e4nkt werden. Gerichtsstand f\u00fcr Streitigkeiten mit Kunden, die nicht Verbraucher, eine juristische Person des \u00f6ffentlichen Rechts oder ein \u00f6ffentlich-rechtliches Sonderverm\u00f6gen sind, ist der Sitz des Anbieters.<\/p>\n<h5>Salvatorische Klausel<\/h5>\n<p>Die Ung\u00fcltigkeit einer Bestimmung dieser Allgemeinen Gesch\u00e4ftsbedingungen hat keinen Einfluss auf die G\u00fcltigkeit der \u00fcbrigen Bestimmungen.<\/p>\n\t\t\t\t\t\t\t\t<\/div>\n\t\t\t\t<\/div>\n\t\t\t\t\t<\/div>\n\t\t<\/div>\n\t\t\t\t\t<\/div>\n\t\t<\/section>\n\t\t\t\t<\/div>\n\t\t","protected":false},"excerpt":{"rendered":"<p>Allgemeine Gesch\u00e4ftsbedingungen Vertragspartei Auf der Grundlage dieser Allgemeinen Gesch\u00e4ftsbedingungen (AGB) kommt zwischen dem Kunden undSuSe IMPEX UG (haftungsbeschr\u00e4nkt)Vertreten durch Sebastian<\/p>\n","protected":false},"author":1,"featured_media":0,"parent":0,"menu_order":0,"comment_status":"closed","ping_status":"closed","template":"elementor_header_footer","meta":{"footnotes":""},"class_list":["post-13291","page","type-page","status-publish","hentry"],"_links":{"self":[{"href":"https:\/\/www.naturespices.net\/de\/wp-json\/wp\/v2\/pages\/13291","targetHints":{"allow":["GET"]}}],"collection":[{"href":"https:\/\/www.naturespices.net\/de\/wp-json\/wp\/v2\/pages"}],"about":[{"href":"https:\/\/www.naturespices.net\/de\/wp-json\/wp\/v2\/types\/page"}],"author":[{"embeddable":true,"href":"https:\/\/www.naturespices.net\/de\/wp-json\/wp\/v2\/users\/1"}],"replies":[{"embeddable":true,"href":"https:\/\/www.naturespices.net\/de\/wp-json\/wp\/v2\/comments?post=13291"}],"version-history":[{"count":7,"href":"https:\/\/www.naturespices.net\/de\/wp-json\/wp\/v2\/pages\/13291\/revisions"}],"predecessor-version":[{"id":20579,"href":"https:\/\/www.naturespices.net\/de\/wp-json\/wp\/v2\/pages\/13291\/revisions\/20579"}],"wp:attachment":[{"href":"https:\/\/www.naturespices.net\/de\/wp-json\/wp\/v2\/media?parent=13291"}],"curies":[{"name":"wp","href":"https:\/\/api.w.org\/{rel}","templated":true}]}}