{"id":13302,"date":"2023-09-27T20:05:48","date_gmt":"2023-09-27T18:05:48","guid":{"rendered":"https:\/\/www.naturespices.net\/product\/just-relax\/"},"modified":"2025-09-23T14:14:22","modified_gmt":"2025-09-23T12:14:22","slug":"just-relax-soothe-stress-encourage-natural-relaxation","status":"publish","type":"product","link":"https:\/\/www.naturespices.net\/de\/shop\/just-relax-soothe-stress-encourage-natural-relaxation\/","title":{"rendered":"Atempause | Stressabbau, F\u00f6rderung der nat\u00fcrlichen Entspannung"},"content":{"rendered":"\t\t<div data-elementor-type=\"product-post\" data-elementor-id=\"13302\" class=\"elementor elementor-13302 elementor-12362\" data-elementor-post-type=\"product\">\n\t\t\t\t<div class=\"wd-negative-gap elementor-element elementor-element-7cb3548 e-flex e-con-boxed e-con e-parent\" data-id=\"7cb3548\" data-element_type=\"container\">\n\t\t\t\t\t<div class=\"e-con-inner\">\n\t\t<div class=\"elementor-element elementor-element-810707a e-con-full e-flex e-con e-child\" data-id=\"810707a\" data-element_type=\"container\">\n\t\t\t\t<div class=\"elementor-element elementor-element-6b89a0ca color-scheme-inherit text-left elementor-widget elementor-widget-text-editor\" data-id=\"6b89a0ca\" data-element_type=\"widget\" data-widget_type=\"text-editor.default\">\n\t\t\t\t<div class=\"elementor-widget-container\">\n\t\t\t\t\t\t\t\t\t<h3>Gelassenheit mit Atempause<\/h3><p>Willkommen in der Welt der Gelassenheit und Entspannung mit &#8222;Atempause&#8220; von Nature Spices. Unsere durchdachte Erg\u00e4nzung soll Ihnen inmitten der Hektik des Alltags Momente der Ruhe und des Friedens schenken. Nutzen Sie die Kraft der Weisheit der Natur, um eine ganzheitliche Erfahrung der Entspannung zu machen.<\/p><p>Shatavari, im Ayurveda als &#8222;K\u00f6nigin der Kr\u00e4uter&#8220; bekannt, hilft, das Nervensystem zu beruhigen und Stress abzubauen. Ashwagandha, das f\u00fcr seine adaptogenen Eigenschaften bekannt ist, hilft dem K\u00f6rper, sich an Stressfaktoren anzupassen, und f\u00f6rdert ein Gef\u00fchl von Ruhe und Ausgeglichenheit. Ingwer mit seinen nat\u00fcrlichen w\u00e4rmenden Eigenschaften erg\u00e4nzt die Mischung und verst\u00e4rkt die allgemeine beruhigende Wirkung. Zusammen bilden diese Zutaten eine harmonische Symphonie der Entspannung, die Ihnen die M\u00f6glichkeit bietet, K\u00f6rper und Geist zu verj\u00fcngen.<\/p><p>Finden Sie Entspannung durch &#8222;Atempause&#8220; und tauchen Sie ein in Momente purer Ruhe. Ob nach einem langen Arbeitstag, in Momenten der Ruhe oder wenn Sie einfach nur entspannen wollen, lassen Sie unsere Beilage zu Ihrem Heiligtum der Entspannung werden. Nehmen Sie diese Gelegenheit wahr, um Ihre Seele zu n\u00e4hren, Stress abzubauen und Ihr inneres Gleichgewicht wiederherzustellen. Steigern Sie Ihr Wohlbefinden, einen Moment nach dem anderen, mit &#8222;Atempause&#8220; von Nature Spices.<\/p><p>Machen Sie einen Schritt hin zu einem ausgeglicheneren und friedlicheren Leben. Nehmen Sie die Gelassenheit an, die &#8222;Atempause&#8220; bietet, und beginnen Sie Ihre Reise zu einem ruhigeren und entspannteren Ich. Bestellen Sie noch heute und erleben Sie die transformative Kraft der heilenden Umarmung der Natur.<\/p><h3>WICHTIGSTE VORTEILE<\/h3><ul><li>Die harmonische Mischung aus Shatavari, Ashwagandha und Ingwer in &#8222;Atempause&#8220; wirkt synergetisch, um das Nervensystem zu beruhigen und Ihnen eine ruhige und stressfreie Erfahrung zu erm\u00f6glichen. Verabschieden Sie sich von der Anspannung und nehmen Sie ein Gef\u00fchl der Ruhe in Ihr t\u00e4gliches Leben auf.<\/li><li>Mit den adaptogenen Eigenschaften von Ashwagandha hilft dieses Nahrungserg\u00e4nzungsmittel Ihrem K\u00f6rper, sich an Stressfaktoren anzupassen, und f\u00f6rdert ein inneres Gef\u00fchl der Ruhe und des emotionalen Gleichgewichts. G\u00f6nnen Sie sich mit jeder Kapsel Entspannung und Wiederherstellung Ihres nat\u00fcrlichen Gleichgewichts.<\/li><li>G\u00f6nnen Sie sich Momente purer Entspannung, wenn Sie die n\u00e4hrenden Eigenschaften von &#8222;Atempause&#8220; genie\u00dfen. Lassen Sie den Druck des Tages los und tauchen Sie ein in eine verj\u00fcngende Erfahrung, die Ihre Seele beruhigt und Ihren Geist und K\u00f6rper revitalisiert.<\/li><\/ul><h3>VERZEHREMPFEHLUNG<\/h3><p>2 mal t\u00e4glich 2 Kapseln nach dem Essen unzerkaut mit ausreichend Fl\u00fcssigkeit einnehmen.<\/p>\t\t\t\t\t\t\t\t<\/div>\n\t\t\t\t<\/div>\n\t\t\t\t<\/div>\n\t\t<div class=\"elementor-element elementor-element-d0c2ae5 e-con-full e-flex e-con e-child\" data-id=\"d0c2ae5\" data-element_type=\"container\">\n\t\t\t\t<div class=\"elementor-element elementor-element-49fb48f elementor-widget elementor-widget-image\" data-id=\"49fb48f\" data-element_type=\"widget\" data-widget_type=\"image.default\">\n\t\t\t\t<div class=\"elementor-widget-container\">\n\t\t\t\t\t\t\t\t\t\t\t\t\t\t\t<img fetchpriority=\"high\" decoding=\"async\" width=\"1024\" height=\"1024\" src=\"https:\/\/www.naturespices.net\/wp-content\/uploads\/2025\/05\/Ayurvedic-Healthcare-Just-Relax-DE-1024x1024.png\" class=\"attachment-large size-large wp-image-22732\" alt=\"Ayurvedic Healthcare - Just Relax\" srcset=\"https:\/\/www.naturespices.net\/wp-content\/uploads\/2025\/05\/Ayurvedic-Healthcare-Just-Relax-DE-1024x1024.png 1024w, https:\/\/www.naturespices.net\/wp-content\/uploads\/2025\/05\/Ayurvedic-Healthcare-Just-Relax-DE-300x300.png 300w, https:\/\/www.naturespices.net\/wp-content\/uploads\/2025\/05\/Ayurvedic-Healthcare-Just-Relax-DE-150x150.png 150w, https:\/\/www.naturespices.net\/wp-content\/uploads\/2025\/05\/Ayurvedic-Healthcare-Just-Relax-DE-768x768.png 768w, https:\/\/www.naturespices.net\/wp-content\/uploads\/2025\/05\/Ayurvedic-Healthcare-Just-Relax-DE-1536x1536.png 1536w, https:\/\/www.naturespices.net\/wp-content\/uploads\/2025\/05\/Ayurvedic-Healthcare-Just-Relax-DE-600x600.png 600w, https:\/\/www.naturespices.net\/wp-content\/uploads\/2025\/05\/Ayurvedic-Healthcare-Just-Relax-DE-e1748357916656.png 2000w\" sizes=\"(max-width: 1024px) 100vw, 1024px\" \/>\t\t\t\t\t\t\t\t\t\t\t\t\t\t\t<\/div>\n\t\t\t\t<\/div>\n\t\t\t\t<\/div>\n\t\t\t\t\t<\/div>\n\t\t\t\t<\/div>\n\t\t\t\t<\/div>\n\t\t","protected":false},"excerpt":{"rendered":"<p>Entspannen Sie sich und lassen Sie den Stress hinter sich, w\u00e4hrend Sie sich der beruhigenden Mischung unserer sorgf\u00e4ltig ausgew\u00e4hlten Zutaten hingeben. Ein beruhigender Zufluchtsort f\u00fcr K\u00f6rper und Geist.<\/p>\n","protected":false},"featured_media":22732,"comment_status":"open","ping_status":"closed","template":"","meta":[],"product_brand":[],"product_cat":[46,48,47],"product_tag":[54,74,56,57,55,58],"class_list":{"0":"post-13302","1":"product","2":"type-product","3":"status-publish","4":"has-post-thumbnail","6":"product_cat-ayurvedische-gesundheit","7":"product_cat-stress-und-laune","8":"product_cat-vegan-de","9":"product_tag-ayurvedisch","10":"product_tag-entspannen","11":"product_tag-gesundheitswesen","12":"product_tag-naturlich","13":"product_tag-schlafen","14":"product_tag-vegan-de","15":"product_shipping_class-papproehren","17":"first","18":"outofstock","19":"taxable","20":"shipping-taxable","21":"purchasable","22":"product-type-simple"},"_links":{"self":[{"href":"https:\/\/www.naturespices.net\/de\/wp-json\/wp\/v2\/product\/13302","targetHints":{"allow":["GET"]}}],"collection":[{"href":"https:\/\/www.naturespices.net\/de\/wp-json\/wp\/v2\/product"}],"about":[{"href":"https:\/\/www.naturespices.net\/de\/wp-json\/wp\/v2\/types\/product"}],"replies":[{"embeddable":true,"href":"https:\/\/www.naturespices.net\/de\/wp-json\/wp\/v2\/comments?post=13302"}],"version-history":[{"count":14,"href":"https:\/\/www.naturespices.net\/de\/wp-json\/wp\/v2\/product\/13302\/revisions"}],"predecessor-version":[{"id":42578,"href":"https:\/\/www.naturespices.net\/de\/wp-json\/wp\/v2\/product\/13302\/revisions\/42578"}],"wp:featuredmedia":[{"embeddable":true,"href":"https:\/\/www.naturespices.net\/de\/wp-json\/wp\/v2\/media\/22732"}],"wp:attachment":[{"href":"https:\/\/www.naturespices.net\/de\/wp-json\/wp\/v2\/media?parent=13302"}],"wp:term":[{"taxonomy":"product_brand","embeddable":true,"href":"https:\/\/www.naturespices.net\/de\/wp-json\/wp\/v2\/product_brand?post=13302"},{"taxonomy":"product_cat","embeddable":true,"href":"https:\/\/www.naturespices.net\/de\/wp-json\/wp\/v2\/product_cat?post=13302"},{"taxonomy":"product_tag","embeddable":true,"href":"https:\/\/www.naturespices.net\/de\/wp-json\/wp\/v2\/product_tag?post=13302"}],"curies":[{"name":"wp","href":"https:\/\/api.w.org\/{rel}","templated":true}]}}