{"id":13303,"date":"2023-09-27T20:04:41","date_gmt":"2023-09-27T18:04:41","guid":{"rendered":"https:\/\/www.naturespices.net\/product\/ashwagandha\/"},"modified":"2025-05-27T17:27:26","modified_gmt":"2025-05-27T15:27:26","slug":"ashwagandha-enhance-vitality-and-reduce-stress-naturally","status":"publish","type":"product","link":"https:\/\/www.naturespices.net\/de\/shop\/ashwagandha-enhance-vitality-and-reduce-stress-naturally\/","title":{"rendered":"Ashwagandha | Vitalit\u00e4t steigern und Stress nat\u00fcrlich abbauen"},"content":{"rendered":"\t\t<div data-elementor-type=\"product-post\" data-elementor-id=\"13303\" class=\"elementor elementor-13303 elementor-12361\" data-elementor-post-type=\"product\">\n\t\t\t\t<div class=\"wd-negative-gap elementor-element elementor-element-c00f9fd e-flex e-con-boxed e-con e-parent\" data-id=\"c00f9fd\" data-element_type=\"container\">\n\t\t\t\t\t<div class=\"e-con-inner\">\n\t\t<div class=\"elementor-element elementor-element-65bb3ac e-con-full e-flex e-con e-child\" data-id=\"65bb3ac\" data-element_type=\"container\">\n\t\t\t\t<div class=\"elementor-element elementor-element-14b4d249 color-scheme-inherit text-left elementor-widget elementor-widget-text-editor\" data-id=\"14b4d249\" data-element_type=\"widget\" data-widget_type=\"text-editor.default\">\n\t\t\t\t<div class=\"elementor-widget-container\">\n\t\t\t\t\t\t\t\t\t<h3>Mit Ashwagandha zur inneren Ruhe kommen<\/h3><p>Willkommen in der Welt der Ruhe und Verj\u00fcngung mit unseren Ashwagandha-Kapseln. Dieses sorgf\u00e4ltig hergestellte Nahrungserg\u00e4nzungsmittel basiert auf der uralten Weisheit des Ayurveda und bietet einen nat\u00fcrlichen Weg zu innerem Frieden und Gleichgewicht.<\/p><p>Wir von Nature Spices glauben an die Kraft des ganzheitlichen Wohlbefindens, und unsere Ashwagandha-Kapseln sind ein Beispiel f\u00fcr unser Engagement, Ihnen die besten Qualit\u00e4tsprodukte f\u00fcr Ihr Wohlbefinden zu bieten.<\/p><p>Ashwagandha, auch als &#8222;indischer Ginseng&#8220; bekannt, wird seit Jahrhunderten f\u00fcr seine adaptogenen Eigenschaften verehrt, die dem K\u00f6rper helfen, Stress und Angstzust\u00e4nde zu bew\u00e4ltigen. Unsere Kapseln enthalten die Essenz dieses potenten Krauts, das aus vertrauensw\u00fcrdigen und nachhaltigen Betrieben stammt, um seine Reinheit und Wirksamkeit zu gew\u00e4hrleisten. Wenn Sie sich die transformative Wirkung von Ashwagandha zu eigen machen, k\u00f6nnen Sie Stressgef\u00fchle abbauen und eine gr\u00f6\u00dfere geistige Klarheit erfahren, die es Ihnen erm\u00f6glicht, die Herausforderungen des Lebens mit gr\u00f6\u00dferer Gelassenheit und Widerstandsf\u00e4higkeit zu meistern.<\/p><p>Neben seinen stresslindernden Eigenschaften wird Ashwagandha auch f\u00fcr sein Potenzial zur F\u00f6rderung der allgemeinen Vitalit\u00e4t gesch\u00e4tzt. Seine adaptogene Natur unterst\u00fctzt ein gesundes Immunsystem, hilft beim Ausgleich des Hormonspiegels und f\u00f6rdert einen erholsamen Schlaf. Mit den Ashwagandha-Kapseln von Nature Spices k\u00f6nnen Sie ein ausgeglicheneres und harmonischeres Leben f\u00fchren, das nicht nur Ihre k\u00f6rperliche Gesundheit, sondern auch Ihr geistiges und emotionales Wohlbefinden f\u00f6rdert.<\/p><h3>Wichtigste Vorteile<\/h3><ul><li>F\u00f6rdert den Stressabbau: Unsere Ashwagandha-Kapseln helfen, Stress und \u00c4ngste abzubauen, so dass Sie den t\u00e4glichen Herausforderungen mit einer ruhigeren und gelasseneren Einstellung begegnen k\u00f6nnen.<\/li><li>Unterst\u00fctzt das ganzheitliche Wohlbefinden: Mit seinen adaptogenen Eigenschaften hilft Ashwagandha dabei, den Hormonhaushalt auszugleichen, ein gesundes Immunsystem zu unterst\u00fctzen und die allgemeine Vitalit\u00e4t zu steigern.<\/li><li>Verbessert die geistige Klarheit: Erleben Sie eine verbesserte Konzentration und geistige Klarheit, wenn Sie die transformative Wirkung von Ashwagandha nutzen, um Ihre kognitiven F\u00e4higkeiten zu st\u00e4rken und ein ausgeglichenes Leben zu f\u00fchren.<\/li><\/ul><h3>Verbrauchsempfehlung<\/h3><p>2 mal t\u00e4glich 2 Kapseln nach dem Essen unzerkaut mit ausreichend Fl\u00fcssigkeit einnehmen.<\/p>\t\t\t\t\t\t\t\t<\/div>\n\t\t\t\t<\/div>\n\t\t\t\t<\/div>\n\t\t<div class=\"elementor-element elementor-element-b50c742 e-con-full e-flex e-con e-child\" data-id=\"b50c742\" data-element_type=\"container\">\n\t\t\t\t<div class=\"elementor-element elementor-element-e47f7ed elementor-widget elementor-widget-image\" data-id=\"e47f7ed\" data-element_type=\"widget\" data-widget_type=\"image.default\">\n\t\t\t\t<div class=\"elementor-widget-container\">\n\t\t\t\t\t\t\t\t\t\t\t\t\t\t\t<img fetchpriority=\"high\" decoding=\"async\" width=\"1024\" height=\"1024\" src=\"https:\/\/www.naturespices.net\/wp-content\/uploads\/2025\/05\/Ayurvedic-Healthcare-Ashwagandha-DE-1024x1024.png\" class=\"attachment-large size-large wp-image-22726\" alt=\"Ayurvedic Healthcare - Ashwagandha\" srcset=\"https:\/\/www.naturespices.net\/wp-content\/uploads\/2025\/05\/Ayurvedic-Healthcare-Ashwagandha-DE-1024x1024.png 1024w, https:\/\/www.naturespices.net\/wp-content\/uploads\/2025\/05\/Ayurvedic-Healthcare-Ashwagandha-DE-300x300.png 300w, https:\/\/www.naturespices.net\/wp-content\/uploads\/2025\/05\/Ayurvedic-Healthcare-Ashwagandha-DE-150x150.png 150w, https:\/\/www.naturespices.net\/wp-content\/uploads\/2025\/05\/Ayurvedic-Healthcare-Ashwagandha-DE-768x768.png 768w, https:\/\/www.naturespices.net\/wp-content\/uploads\/2025\/05\/Ayurvedic-Healthcare-Ashwagandha-DE-1536x1536.png 1536w, https:\/\/www.naturespices.net\/wp-content\/uploads\/2025\/05\/Ayurvedic-Healthcare-Ashwagandha-DE-600x600.png 600w, https:\/\/www.naturespices.net\/wp-content\/uploads\/2025\/05\/Ayurvedic-Healthcare-Ashwagandha-DE-e1748357824817.png 2000w\" sizes=\"(max-width: 1024px) 100vw, 1024px\" \/>\t\t\t\t\t\t\t\t\t\t\t\t\t\t\t<\/div>\n\t\t\t\t<\/div>\n\t\t\t\t<\/div>\n\t\t\t\t\t<\/div>\n\t\t\t\t<\/div>\n\t\t\t\t<\/div>\n\t\t","protected":false},"excerpt":{"rendered":"<p>Abbau von Stress und F\u00f6rderung des allgemeinen Wohlbefindens. Erleben Sie die beruhigende Wirkung von Ashwagandha und st\u00e4rken Sie Ihre innere Gelassenheit.<\/p>\n","protected":false},"featured_media":22726,"comment_status":"open","ping_status":"closed","template":"","meta":[],"product_brand":[],"product_cat":[46,49,48,47],"product_tag":[54,56,57,58],"class_list":{"0":"post-13303","1":"product","2":"type-product","3":"status-publish","4":"has-post-thumbnail","6":"product_cat-ayurvedische-gesundheit","7":"product_cat-energie","8":"product_cat-stress-und-laune","9":"product_cat-vegan-de","10":"product_tag-ayurvedisch","11":"product_tag-gesundheitswesen","12":"product_tag-naturlich","13":"product_tag-vegan-de","14":"product_shipping_class-papproehren","16":"first","17":"outofstock","18":"taxable","19":"shipping-taxable","20":"purchasable","21":"product-type-simple"},"_links":{"self":[{"href":"https:\/\/www.naturespices.net\/de\/wp-json\/wp\/v2\/product\/13303","targetHints":{"allow":["GET"]}}],"collection":[{"href":"https:\/\/www.naturespices.net\/de\/wp-json\/wp\/v2\/product"}],"about":[{"href":"https:\/\/www.naturespices.net\/de\/wp-json\/wp\/v2\/types\/product"}],"replies":[{"embeddable":true,"href":"https:\/\/www.naturespices.net\/de\/wp-json\/wp\/v2\/comments?post=13303"}],"version-history":[{"count":9,"href":"https:\/\/www.naturespices.net\/de\/wp-json\/wp\/v2\/product\/13303\/revisions"}],"predecessor-version":[{"id":19735,"href":"https:\/\/www.naturespices.net\/de\/wp-json\/wp\/v2\/product\/13303\/revisions\/19735"}],"wp:featuredmedia":[{"embeddable":true,"href":"https:\/\/www.naturespices.net\/de\/wp-json\/wp\/v2\/media\/22726"}],"wp:attachment":[{"href":"https:\/\/www.naturespices.net\/de\/wp-json\/wp\/v2\/media?parent=13303"}],"wp:term":[{"taxonomy":"product_brand","embeddable":true,"href":"https:\/\/www.naturespices.net\/de\/wp-json\/wp\/v2\/product_brand?post=13303"},{"taxonomy":"product_cat","embeddable":true,"href":"https:\/\/www.naturespices.net\/de\/wp-json\/wp\/v2\/product_cat?post=13303"},{"taxonomy":"product_tag","embeddable":true,"href":"https:\/\/www.naturespices.net\/de\/wp-json\/wp\/v2\/product_tag?post=13303"}],"curies":[{"name":"wp","href":"https:\/\/api.w.org\/{rel}","templated":true}]}}