{"id":13306,"date":"2023-09-27T20:03:06","date_gmt":"2023-09-27T18:03:06","guid":{"rendered":"https:\/\/www.naturespices.net\/product\/kurkuma-mit-piperin\/"},"modified":"2025-05-28T16:12:53","modified_gmt":"2025-05-28T14:12:53","slug":"turmeric-with-piperine-enhance-absorption-maximize-anti-inflammatory-benefits","status":"publish","type":"product","link":"https:\/\/www.naturespices.net\/de\/shop\/turmeric-with-piperine-enhance-absorption-maximize-anti-inflammatory-benefits\/","title":{"rendered":"Kurkuma mit Piperin | Verbessert die Absorption, maximiert die entz\u00fcndungs-hemmende Wirkung"},"content":{"rendered":"\t\t<div data-elementor-type=\"product-post\" data-elementor-id=\"13306\" class=\"elementor elementor-13306 elementor-12360\" data-elementor-post-type=\"product\">\n\t\t\t\t<div class=\"wd-negative-gap elementor-element elementor-element-1bb8213 e-flex e-con-boxed e-con e-parent\" data-id=\"1bb8213\" data-element_type=\"container\">\n\t\t\t\t\t<div class=\"e-con-inner\">\n\t\t<div class=\"elementor-element elementor-element-fc12997 e-con-full e-flex e-con e-child\" data-id=\"fc12997\" data-element_type=\"container\">\n\t\t\t\t<div class=\"elementor-element elementor-element-5031f51c color-scheme-inherit text-left elementor-widget elementor-widget-text-editor\" data-id=\"5031f51c\" data-element_type=\"widget\" data-widget_type=\"text-editor.default\">\n\t\t\t\t<div class=\"elementor-widget-container\">\n\t\t\t\t\t\t\t\t\t<h3>Entdecken Sie die goldene Wellness mit Nature Spices Kurkuma mit Piperin<\/h3><p>Willkommen in einer Welt des goldenen Wohlbefindens mit unseren Kurkuma-Kapseln. Angereichert mit der G\u00fcte von reinem und starkem Kurkuma, gepaart mit den Vorteilen von Piperin f\u00fcr eine verbesserte Absorption, bietet dieses ayurvedische Nahrungserg\u00e4nzungsmittel eine bequeme und effektive M\u00f6glichkeit, die alten heilenden Eigenschaften von Kurkuma zu nutzen.<\/p><p>Kurkuma, oft als &#8222;goldenes Gew\u00fcrz des Lebens&#8220; bezeichnet, wird seit Jahrhunderten wegen seiner nat\u00fcrlichen entz\u00fcndungshemmenden und antioxidativen Eigenschaften gesch\u00e4tzt. Unsere Kapseln enthalten die Essenz dieser au\u00dfergew\u00f6hnlichen Pflanze, die aus vertrauensw\u00fcrdigen und nachhaltigen Betrieben stammt, was ihre Authentizit\u00e4t und Wirksamkeit gew\u00e4hrleistet. Wenn Sie unsere Kurkuma-Kapseln in Ihre t\u00e4gliche Routine einbeziehen, k\u00f6nnen Sie feststellen, dass Entz\u00fcndungen reduziert, die Gesundheit der Gelenke verbessert und die Immunit\u00e4t gest\u00e4rkt wird, was alles zu einem lebendigeren und aktiveren Leben beitr\u00e4gt.<\/p><p>Machen Sie sich die Kraft der Natur zunutze und steigern Sie Ihr Wohlbefinden mit den Kurkuma-Kapseln von Nature Spices. Erschlie\u00dfen Sie das Potenzial dieses goldenen Edelsteins, um Ihr allgemeines Wohlbefinden und Ihre Vitalit\u00e4t zu f\u00f6rdern. Mit jeder Kapsel st\u00e4rken Sie sich selbst mit der Weisheit des Ayurveda, indem Sie Ihren K\u00f6rper und Geist f\u00fcr ein ges\u00fcnderes und gl\u00fccklicheres Leben n\u00e4hren. Erleben Sie die transformative Wirkung von Kurkuma und machen Sie einen Schritt in Richtung eines Lebens voller Lebendigkeit und neuer Vitalit\u00e4t.<\/p><h3>Wichtigste Vorteile<\/h3><ul><li>Nat\u00fcrlicher Entz\u00fcndungshemmer: Kurkuma ist bekannt f\u00fcr seine starken entz\u00fcndungshemmenden Eigenschaften, die dazu beitragen k\u00f6nnen, Gelenkschmerzen und -entz\u00fcndungen zu lindern und die Beweglichkeit und den Komfort zu verbessern.<\/li><li>Starkes Antioxidans: Mit seiner hohen Konzentration an Curcumin wirkt Kurkuma als starkes Antioxidans, das freie Radikale abf\u00e4ngt und die allgemeine Zellgesundheit unterst\u00fctzt.<\/li><li>Unterst\u00fctzung des Immunsystems: Kurkuma kann dazu beitragen, das Immunsystem zu st\u00e4rken, so dass Ihr K\u00f6rper sich besser gegen h\u00e4ufige Infektionen verteidigen kann und die allgemeine Gesundheit des Immunsystems gef\u00f6rdert wird.<\/li><\/ul><h3>Verbrauchsempfehlung<\/h3><p>2 mal t\u00e4glich zwei Kapseln nach dem Essen unzerkaut mit ausreichend Fl\u00fcssigkeit einnehmen.<\/p>\t\t\t\t\t\t\t\t<\/div>\n\t\t\t\t<\/div>\n\t\t\t\t<\/div>\n\t\t<div class=\"elementor-element elementor-element-27f6eb8 e-con-full e-flex e-con e-child\" data-id=\"27f6eb8\" data-element_type=\"container\">\n\t\t\t\t<div class=\"elementor-element elementor-element-7ee2a32 elementor-widget elementor-widget-image\" data-id=\"7ee2a32\" data-element_type=\"widget\" data-widget_type=\"image.default\">\n\t\t\t\t<div class=\"elementor-widget-container\">\n\t\t\t\t\t\t\t\t\t\t\t\t\t\t\t<img fetchpriority=\"high\" decoding=\"async\" width=\"1024\" height=\"1024\" src=\"https:\/\/www.naturespices.net\/wp-content\/uploads\/2025\/05\/Ayurvedic-Healthcare-Turmeric-DE-1024x1024.png\" class=\"attachment-large size-large wp-image-22724\" alt=\"Ayurvedic Healthcare - Turmeric\" srcset=\"https:\/\/www.naturespices.net\/wp-content\/uploads\/2025\/05\/Ayurvedic-Healthcare-Turmeric-DE-1024x1024.png 1024w, https:\/\/www.naturespices.net\/wp-content\/uploads\/2025\/05\/Ayurvedic-Healthcare-Turmeric-DE-300x300.png 300w, https:\/\/www.naturespices.net\/wp-content\/uploads\/2025\/05\/Ayurvedic-Healthcare-Turmeric-DE-150x150.png 150w, https:\/\/www.naturespices.net\/wp-content\/uploads\/2025\/05\/Ayurvedic-Healthcare-Turmeric-DE-768x768.png 768w, https:\/\/www.naturespices.net\/wp-content\/uploads\/2025\/05\/Ayurvedic-Healthcare-Turmeric-DE-1536x1536.png 1536w, https:\/\/www.naturespices.net\/wp-content\/uploads\/2025\/05\/Ayurvedic-Healthcare-Turmeric-DE-600x600.png 600w, https:\/\/www.naturespices.net\/wp-content\/uploads\/2025\/05\/Ayurvedic-Healthcare-Turmeric-DE-e1748357728357.png 2000w\" sizes=\"(max-width: 1024px) 100vw, 1024px\" \/>\t\t\t\t\t\t\t\t\t\t\t\t\t\t\t<\/div>\n\t\t\t\t<\/div>\n\t\t\t\t<\/div>\n\t\t\t\t\t<\/div>\n\t\t\t\t<\/div>\n\t\t\t\t<\/div>\n\t\t","protected":false},"excerpt":{"rendered":"<p>Machen Sie sich die nat\u00fcrlichen entz\u00fcndungshemmenden und antioxidativen Eigenschaften von Kurkuma zunutze und erschlie\u00dfen Sie sein Potenzial zur Unterst\u00fctzung des allgemeinen Wohlbefindens und der Vitalit\u00e4t.<\/p>\n","protected":false},"featured_media":22724,"comment_status":"open","ping_status":"closed","template":"","meta":[],"product_brand":[],"product_cat":[46,50,52,47,51],"product_tag":[54,56,76,57,58,75],"class_list":{"0":"post-13306","1":"product","2":"type-product","3":"status-publish","4":"has-post-thumbnail","6":"product_cat-ayurvedische-gesundheit","7":"product_cat-immunsystem","8":"product_cat-schone-haut","9":"product_cat-vegan-de","10":"product_cat-verdauung","11":"product_tag-ayurvedisch","12":"product_tag-gesundheitswesen","13":"product_tag-immunsystem","14":"product_tag-naturlich","15":"product_tag-vegan-de","16":"product_tag-verdauung","17":"product_shipping_class-papproehren","19":"first","20":"outofstock","21":"taxable","22":"shipping-taxable","23":"purchasable","24":"product-type-simple"},"_links":{"self":[{"href":"https:\/\/www.naturespices.net\/de\/wp-json\/wp\/v2\/product\/13306","targetHints":{"allow":["GET"]}}],"collection":[{"href":"https:\/\/www.naturespices.net\/de\/wp-json\/wp\/v2\/product"}],"about":[{"href":"https:\/\/www.naturespices.net\/de\/wp-json\/wp\/v2\/types\/product"}],"replies":[{"embeddable":true,"href":"https:\/\/www.naturespices.net\/de\/wp-json\/wp\/v2\/comments?post=13306"}],"version-history":[{"count":17,"href":"https:\/\/www.naturespices.net\/de\/wp-json\/wp\/v2\/product\/13306\/revisions"}],"predecessor-version":[{"id":19737,"href":"https:\/\/www.naturespices.net\/de\/wp-json\/wp\/v2\/product\/13306\/revisions\/19737"}],"wp:featuredmedia":[{"embeddable":true,"href":"https:\/\/www.naturespices.net\/de\/wp-json\/wp\/v2\/media\/22724"}],"wp:attachment":[{"href":"https:\/\/www.naturespices.net\/de\/wp-json\/wp\/v2\/media?parent=13306"}],"wp:term":[{"taxonomy":"product_brand","embeddable":true,"href":"https:\/\/www.naturespices.net\/de\/wp-json\/wp\/v2\/product_brand?post=13306"},{"taxonomy":"product_cat","embeddable":true,"href":"https:\/\/www.naturespices.net\/de\/wp-json\/wp\/v2\/product_cat?post=13306"},{"taxonomy":"product_tag","embeddable":true,"href":"https:\/\/www.naturespices.net\/de\/wp-json\/wp\/v2\/product_tag?post=13306"}],"curies":[{"name":"wp","href":"https:\/\/api.w.org\/{rel}","templated":true}]}}