{"id":13308,"date":"2023-09-27T19:59:21","date_gmt":"2023-09-27T17:59:21","guid":{"rendered":"https:\/\/www.naturespices.net\/product\/body-power\/"},"modified":"2025-05-28T16:16:19","modified_gmt":"2025-05-28T14:16:19","slug":"body-power","status":"publish","type":"product","link":"https:\/\/www.naturespices.net\/de\/shop\/body-power\/","title":{"rendered":"K\u00f6rperkraft | Verbesserung von Kraft, Ausdauer und allgemeiner Vitalit\u00e4t"},"content":{"rendered":"\t\t<div data-elementor-type=\"product-post\" data-elementor-id=\"13308\" class=\"elementor elementor-13308 elementor-12358\" data-elementor-post-type=\"product\">\n\t\t\t\t<div class=\"wd-negative-gap elementor-element elementor-element-c94e71c e-flex e-con-boxed e-con e-parent\" data-id=\"c94e71c\" data-element_type=\"container\">\n\t\t\t\t\t<div class=\"e-con-inner\">\n\t\t<div class=\"elementor-element elementor-element-095ec03 e-con-full e-flex e-con e-child\" data-id=\"095ec03\" data-element_type=\"container\">\n\t\t\t\t<div class=\"elementor-element elementor-element-74df66cc color-scheme-inherit text-left elementor-widget elementor-widget-text-editor\" data-id=\"74df66cc\" data-element_type=\"widget\" data-widget_type=\"text-editor.default\">\n\t\t\t\t<div class=\"elementor-widget-container\">\n\t\t\t\t\t\t\t\t\t<h3>Energetisieren Sie Ihr Immunsystem f\u00fcr ganzheitliche Vitalit\u00e4t<\/h3><p>Entfesseln Sie das Potenzial des nat\u00fcrlichen Abwehrsystems Ihres K\u00f6rpers mit K\u00f6rperkraft, unserem durchdachten ayurvedischen Nahrungserg\u00e4nzungsmittel, das Ihr Immunsystem st\u00e4rkt und Ihre Vitalit\u00e4t belebt.<\/p><p>K\u00f6rperkraft macht sich die Weisheit des alten Ayurveda zunutze und kombiniert die wirksamen Vorteile von Moringa, Neem, Ingwer und Tulasi zu einem kraftvollen Elixier, das Ihr gesamtes Wohlbefinden unterst\u00fctzt.<\/p><p>Moringa, der so genannte &#8222;Wunderbaum&#8220;, ist reich an essenziellen Vitaminen, Mineralien und Antioxidantien, die die Widerstandsf\u00e4higkeit des K\u00f6rpers st\u00e4rken und die Zellgesundheit f\u00f6rdern. Neem wirkt mit seinen entz\u00fcndungshemmenden und antimikrobiellen Eigenschaften wie ein W\u00e4chter, der den K\u00f6rper gegen sch\u00e4dliche Eindringlinge verteidigt. Ingwer, ein w\u00e4rmendes Gew\u00fcrz, regt den Kreislauf an und f\u00f6rdert die Verdauung, wodurch die nat\u00fcrlichen Heilungsprozesse des K\u00f6rpers unterst\u00fctzt werden. Tulasi, das als &#8222;Heiliges Basilikum&#8220; verehrt wird, st\u00e4rkt Ihr Immunsystem und gibt Ihnen die Kraft, sich den Herausforderungen des Lebens mit Elan zu stellen.<\/p><p>Mit K\u00f6rperkraft bef\u00e4higen Sie Ihren K\u00f6rper, sich den Anforderungen des Lebens anzupassen und zu gedeihen. Lassen Sie sich von der Energie des Lebens anstecken und entfalten Sie Ihr wahres Potenzial, wenn Sie sich auf eine Reise zu ganzheitlicher Gesundheit und revitalisierter Energie begeben. Verabschieden Sie sich von M\u00fcdigkeit und begr\u00fc\u00dfen Sie ein Leben voller Vitalit\u00e4t, Kraft und Ausgeglichenheit mit der nat\u00fcrlichen Weisheit von K\u00f6rperkraft by Nature Spices.<\/p><h3>Wichtigste Vorteile<\/h3><ul><li>St\u00e4rkt das Immunsystem: St\u00e4rken Sie die k\u00f6rpereigene Abwehr gegen \u00e4u\u00dfere Bedrohungen und erhalten Sie eine optimale Gesundheit mit den leistungsstarken immunst\u00e4rkenden Eigenschaften der einzigartigen Mischung von K\u00f6rperkraft.<\/li><li>Unterst\u00fctzt die Vitalit\u00e4t: K\u00f6rperkraft versorgt Ihren K\u00f6rper mit essentiellen N\u00e4hrstoffen und f\u00f6rdert so das allgemeine Wohlbefinden und das Energieniveau.<\/li><li>Nat\u00fcrliche Inhaltsstoffe, ganzheitliche Pflege: K\u00f6rperkraft wird in Handarbeit aus rein biologischen und lokal bezogenen Inhaltsstoffen hergestellt und verk\u00f6rpert unser Engagement f\u00fcr hervorragende Qualit\u00e4t, Transparenz und Ihr Wohlbefinden.<\/li><\/ul><h3>Verbrauchsempfehlung<\/h3><p>2 mal t\u00e4glich zwei Kapseln nach dem Essen unzerkaut mit ausreichend Fl\u00fcssigkeit einnehmen.<\/p>\t\t\t\t\t\t\t\t<\/div>\n\t\t\t\t<\/div>\n\t\t\t\t<\/div>\n\t\t<div class=\"elementor-element elementor-element-2ef80fd e-con-full e-flex e-con e-child\" data-id=\"2ef80fd\" data-element_type=\"container\">\n\t\t\t\t<div class=\"elementor-element elementor-element-d55098f elementor-widget elementor-widget-image\" data-id=\"d55098f\" data-element_type=\"widget\" data-widget_type=\"image.default\">\n\t\t\t\t<div class=\"elementor-widget-container\">\n\t\t\t\t\t\t\t\t\t\t\t\t\t\t\t<img fetchpriority=\"high\" decoding=\"async\" width=\"1024\" height=\"1024\" src=\"https:\/\/www.naturespices.net\/wp-content\/uploads\/2025\/05\/Ayurvedic-Healthcare-Body-Power-DE-1024x1024.png\" class=\"attachment-large size-large wp-image-22730\" alt=\"Ayurvedic Healthcare - Body Power\" srcset=\"https:\/\/www.naturespices.net\/wp-content\/uploads\/2025\/05\/Ayurvedic-Healthcare-Body-Power-DE-1024x1024.png 1024w, https:\/\/www.naturespices.net\/wp-content\/uploads\/2025\/05\/Ayurvedic-Healthcare-Body-Power-DE-300x300.png 300w, https:\/\/www.naturespices.net\/wp-content\/uploads\/2025\/05\/Ayurvedic-Healthcare-Body-Power-DE-150x150.png 150w, https:\/\/www.naturespices.net\/wp-content\/uploads\/2025\/05\/Ayurvedic-Healthcare-Body-Power-DE-768x768.png 768w, https:\/\/www.naturespices.net\/wp-content\/uploads\/2025\/05\/Ayurvedic-Healthcare-Body-Power-DE-1536x1536.png 1536w, https:\/\/www.naturespices.net\/wp-content\/uploads\/2025\/05\/Ayurvedic-Healthcare-Body-Power-DE-600x600.png 600w, https:\/\/www.naturespices.net\/wp-content\/uploads\/2025\/05\/Ayurvedic-Healthcare-Body-Power-DE-e1748357886451.png 2000w\" sizes=\"(max-width: 1024px) 100vw, 1024px\" \/>\t\t\t\t\t\t\t\t\t\t\t\t\t\t\t<\/div>\n\t\t\t\t<\/div>\n\t\t\t\t<\/div>\n\t\t\t\t\t<\/div>\n\t\t\t\t<\/div>\n\t\t\t\t<\/div>\n\t\t","protected":false},"excerpt":{"rendered":"<div class=\"woocommerce-product-details__short-description\">\n<p>St\u00e4rkt die Abwehrkr\u00e4fte und f\u00f6rdert das allgemeine Wohlbefinden. Freuen Sie sich auf die Energie des Lebens und ein gest\u00e4rktes Immunsystem, wenn Sie sich auf eine Reise der ganzheitlichen Gesundheit begeben.<\/p>\n<\/div>\n","protected":false},"featured_media":22730,"comment_status":"open","ping_status":"closed","template":"","meta":[],"product_brand":[],"product_cat":[46,50,47],"product_tag":[54,56,76,57,58],"class_list":{"0":"post-13308","1":"product","2":"type-product","3":"status-publish","4":"has-post-thumbnail","6":"product_cat-ayurvedische-gesundheit","7":"product_cat-immunsystem","8":"product_cat-vegan-de","9":"product_tag-ayurvedisch","10":"product_tag-gesundheitswesen","11":"product_tag-immunsystem","12":"product_tag-naturlich","13":"product_tag-vegan-de","14":"product_shipping_class-papproehren","16":"first","17":"outofstock","18":"taxable","19":"shipping-taxable","20":"purchasable","21":"product-type-simple"},"_links":{"self":[{"href":"https:\/\/www.naturespices.net\/de\/wp-json\/wp\/v2\/product\/13308","targetHints":{"allow":["GET"]}}],"collection":[{"href":"https:\/\/www.naturespices.net\/de\/wp-json\/wp\/v2\/product"}],"about":[{"href":"https:\/\/www.naturespices.net\/de\/wp-json\/wp\/v2\/types\/product"}],"replies":[{"embeddable":true,"href":"https:\/\/www.naturespices.net\/de\/wp-json\/wp\/v2\/comments?post=13308"}],"version-history":[{"count":8,"href":"https:\/\/www.naturespices.net\/de\/wp-json\/wp\/v2\/product\/13308\/revisions"}],"predecessor-version":[{"id":19741,"href":"https:\/\/www.naturespices.net\/de\/wp-json\/wp\/v2\/product\/13308\/revisions\/19741"}],"wp:featuredmedia":[{"embeddable":true,"href":"https:\/\/www.naturespices.net\/de\/wp-json\/wp\/v2\/media\/22730"}],"wp:attachment":[{"href":"https:\/\/www.naturespices.net\/de\/wp-json\/wp\/v2\/media?parent=13308"}],"wp:term":[{"taxonomy":"product_brand","embeddable":true,"href":"https:\/\/www.naturespices.net\/de\/wp-json\/wp\/v2\/product_brand?post=13308"},{"taxonomy":"product_cat","embeddable":true,"href":"https:\/\/www.naturespices.net\/de\/wp-json\/wp\/v2\/product_cat?post=13308"},{"taxonomy":"product_tag","embeddable":true,"href":"https:\/\/www.naturespices.net\/de\/wp-json\/wp\/v2\/product_tag?post=13308"}],"curies":[{"name":"wp","href":"https:\/\/api.w.org\/{rel}","templated":true}]}}