{"id":13309,"date":"2023-09-24T20:27:36","date_gmt":"2023-09-24T18:27:36","guid":{"rendered":"https:\/\/www.naturespices.net\/product\/belly-balance\/"},"modified":"2025-09-23T14:14:39","modified_gmt":"2025-09-23T12:14:39","slug":"belly-balance","status":"publish","type":"product","link":"https:\/\/www.naturespices.net\/de\/shop\/belly-balance\/","title":{"rendered":"Darmgl\u00fcck | Optimierung der Verdauungsgesundheit, Unterst\u00fctzung der Darmharmonie"},"content":{"rendered":"\t\t<div data-elementor-type=\"product-post\" data-elementor-id=\"13309\" class=\"elementor elementor-13309 elementor-12341\" data-elementor-post-type=\"product\">\n\t\t\t\t<div class=\"wd-negative-gap elementor-element elementor-element-6fbcb8a e-flex e-con-boxed e-con e-parent\" data-id=\"6fbcb8a\" data-element_type=\"container\">\n\t\t\t\t\t<div class=\"e-con-inner\">\n\t\t<div class=\"elementor-element elementor-element-a34cef7 e-con-full e-flex e-con e-child\" data-id=\"a34cef7\" data-element_type=\"container\">\n\t\t\t\t<div class=\"elementor-element elementor-element-4738bd1f color-scheme-inherit text-left elementor-widget elementor-widget-text-editor\" data-id=\"4738bd1f\" data-element_type=\"widget\" data-widget_type=\"text-editor.default\">\n\t\t\t\t<div class=\"elementor-widget-container\">\n\t\t\t\t\t\t\t\t\t<h3>Harmonisieren Sie Ihre Verdauung<\/h3><p>Entdecken Sie die sanfte Weisheit von Darmgl\u00fcck, unserem sorgf\u00e4ltig formulierten ayurvedischen Nahrungserg\u00e4nzungsmittel, das Ihr Verdauungssystem harmonisiert und die allgemeine Darmgesundheit f\u00f6rdert.<\/p><p>Darmgl\u00fcck basiert auf der jahrhundertealten Weisheit des Ayurveda und kombiniert die kraftvolle Synergie von Triphala, Ingwer und Tulasi zu einem nat\u00fcrlichen Elixier, das das Gleichgewicht der Verdauungsorgane unterst\u00fctzt.<\/p><p>Triphala, auch bekannt als die &#8222;Drei Fr\u00fcchte&#8220;, besteht aus drei wirksamen Inhaltsstoffen &#8211; Amalaki, Bibhitaki und Haritaki &#8211; die zusammenwirken, um Ihren Verdauungstrakt zu reinigen und zu verj\u00fcngen. Ingwer, ein altbew\u00e4hrtes Heilmittel, lindert Verdauungsbeschwerden und verbessert die N\u00e4hrstoffaufnahme, wodurch die Verdauung insgesamt erleichtert wird. Tulasi, das heilige &#8222;Basilikum&#8220;, beruhigt das Verdauungssystem und f\u00f6rdert ein gesundes Darmmilieu.<\/p><p>Mit Darmgl\u00fcck k\u00f6nnen Sie ein Leben mit Verdauungskomfort und Wohlbefinden f\u00fchren. Pflegen Sie Ihren Bauch mit dem Guten aus der Natur und erschlie\u00dfen Sie das Potenzial eines harmonischen Darms. Verabschieden Sie sich von Verdauungsbeschwerden und begr\u00fc\u00dfen Sie ein Leben voller verdauungsf\u00f6rdernder Ausgeglichenheit, dank der nat\u00fcrlichen Weisheit von Darmgl\u00fcck von Nature Spices.<\/p><h3>Wichtigste Vorteile<\/h3><ul><li>Unterst\u00fctzt eine gesunde Verdauung: F\u00f6rdern Sie eine reibungslose Verdauung und lindern Sie Beschwerden mit der sanften und dennoch wirksamen Mischung aus Triphala, Ingwer und Tulasi.<\/li><li>F\u00f6rdert die Darmgesundheit: Die nat\u00fcrlichen Inhaltsstoffe von Darmgl\u00fcck sorgen f\u00fcr ein ausgeglichenes Darmmilieu und f\u00f6rdern das allgemeine Wohlbefinden der Verdauung.<\/li><li>Ganzheitliche Verdauungspflege: Darmgl\u00fcck wird mit biologischen, lokal bezogenen Zutaten hergestellt und spiegelt unser Engagement f\u00fcr Qualit\u00e4t, Transparenz und Ihre Verdauungsharmonie wider.<\/li><\/ul><h3>Verbrauchsempfehlung<\/h3><p>2 mal t\u00e4glich zwei Kapseln nach dem Essen unzerkaut mit ausreichend Fl\u00fcssigkeit einnehmen.<\/p>\t\t\t\t\t\t\t\t<\/div>\n\t\t\t\t<\/div>\n\t\t\t\t<\/div>\n\t\t<div class=\"elementor-element elementor-element-63485b5 e-con-full e-flex e-con e-child\" data-id=\"63485b5\" data-element_type=\"container\">\n\t\t\t\t<div class=\"elementor-element elementor-element-8875d74 elementor-widget elementor-widget-image\" data-id=\"8875d74\" data-element_type=\"widget\" data-widget_type=\"image.default\">\n\t\t\t\t<div class=\"elementor-widget-container\">\n\t\t\t\t\t\t\t\t\t\t\t\t\t\t\t<img fetchpriority=\"high\" decoding=\"async\" width=\"1024\" height=\"1024\" src=\"https:\/\/www.naturespices.net\/wp-content\/uploads\/2025\/05\/Ayurvedic-Healthcare-Belly-Balance-DE-1024x1024.png\" class=\"attachment-large size-large wp-image-22728\" alt=\"Ayurvedic Healthcare - Belly Balance\" srcset=\"https:\/\/www.naturespices.net\/wp-content\/uploads\/2025\/05\/Ayurvedic-Healthcare-Belly-Balance-DE-1024x1024.png 1024w, https:\/\/www.naturespices.net\/wp-content\/uploads\/2025\/05\/Ayurvedic-Healthcare-Belly-Balance-DE-300x300.png 300w, https:\/\/www.naturespices.net\/wp-content\/uploads\/2025\/05\/Ayurvedic-Healthcare-Belly-Balance-DE-150x150.png 150w, https:\/\/www.naturespices.net\/wp-content\/uploads\/2025\/05\/Ayurvedic-Healthcare-Belly-Balance-DE-768x768.png 768w, https:\/\/www.naturespices.net\/wp-content\/uploads\/2025\/05\/Ayurvedic-Healthcare-Belly-Balance-DE-1536x1536.png 1536w, https:\/\/www.naturespices.net\/wp-content\/uploads\/2025\/05\/Ayurvedic-Healthcare-Belly-Balance-DE-600x600.png 600w, https:\/\/www.naturespices.net\/wp-content\/uploads\/2025\/05\/Ayurvedic-Healthcare-Belly-Balance-DE-e1748357857464.png 2000w\" sizes=\"(max-width: 1024px) 100vw, 1024px\" \/>\t\t\t\t\t\t\t\t\t\t\t\t\t\t\t<\/div>\n\t\t\t\t<\/div>\n\t\t\t\t<\/div>\n\t\t\t\t\t<\/div>\n\t\t\t\t<\/div>\n\t\t\t\t<\/div>\n\t\t","protected":false},"excerpt":{"rendered":"<p>Pflegt das Verdauungssystem und f\u00f6rdert das Wohlbefinden. Genie\u00dfen Sie den Komfort eines ausgeglichenen Bauches und begeben Sie sich auf eine Reise in die Harmonie der Verdauung.<\/p>\n","protected":false},"featured_media":22728,"comment_status":"open","ping_status":"closed","template":"","meta":[],"product_brand":[],"product_cat":[46,47,51],"product_tag":[54,56,57,58,75],"class_list":{"0":"post-13309","1":"product","2":"type-product","3":"status-publish","4":"has-post-thumbnail","6":"product_cat-ayurvedische-gesundheit","7":"product_cat-vegan-de","8":"product_cat-verdauung","9":"product_tag-ayurvedisch","10":"product_tag-gesundheitswesen","11":"product_tag-naturlich","12":"product_tag-vegan-de","13":"product_tag-verdauung","14":"product_shipping_class-papproehren","16":"first","17":"outofstock","18":"taxable","19":"shipping-taxable","20":"purchasable","21":"product-type-simple"},"_links":{"self":[{"href":"https:\/\/www.naturespices.net\/de\/wp-json\/wp\/v2\/product\/13309","targetHints":{"allow":["GET"]}}],"collection":[{"href":"https:\/\/www.naturespices.net\/de\/wp-json\/wp\/v2\/product"}],"about":[{"href":"https:\/\/www.naturespices.net\/de\/wp-json\/wp\/v2\/types\/product"}],"replies":[{"embeddable":true,"href":"https:\/\/www.naturespices.net\/de\/wp-json\/wp\/v2\/comments?post=13309"}],"version-history":[{"count":9,"href":"https:\/\/www.naturespices.net\/de\/wp-json\/wp\/v2\/product\/13309\/revisions"}],"predecessor-version":[{"id":42579,"href":"https:\/\/www.naturespices.net\/de\/wp-json\/wp\/v2\/product\/13309\/revisions\/42579"}],"wp:featuredmedia":[{"embeddable":true,"href":"https:\/\/www.naturespices.net\/de\/wp-json\/wp\/v2\/media\/22728"}],"wp:attachment":[{"href":"https:\/\/www.naturespices.net\/de\/wp-json\/wp\/v2\/media?parent=13309"}],"wp:term":[{"taxonomy":"product_brand","embeddable":true,"href":"https:\/\/www.naturespices.net\/de\/wp-json\/wp\/v2\/product_brand?post=13309"},{"taxonomy":"product_cat","embeddable":true,"href":"https:\/\/www.naturespices.net\/de\/wp-json\/wp\/v2\/product_cat?post=13309"},{"taxonomy":"product_tag","embeddable":true,"href":"https:\/\/www.naturespices.net\/de\/wp-json\/wp\/v2\/product_tag?post=13309"}],"curies":[{"name":"wp","href":"https:\/\/api.w.org\/{rel}","templated":true}]}}