{"id":13311,"date":"2023-09-24T10:50:03","date_gmt":"2023-09-24T08:50:03","guid":{"rendered":"https:\/\/www.naturespices.net\/product\/sleep-well\/"},"modified":"2025-05-28T16:26:14","modified_gmt":"2025-05-28T14:26:14","slug":"sleep-well","status":"publish","type":"product","link":"https:\/\/www.naturespices.net\/de\/shop\/sleep-well\/","title":{"rendered":"Traumsand | Erholsamen Schlaf f\u00f6rdern, die n\u00e4chtliche Entspannung verbessern"},"content":{"rendered":"\t\t<div data-elementor-type=\"product-post\" data-elementor-id=\"13311\" class=\"elementor elementor-13311 elementor-12321\" data-elementor-post-type=\"product\">\n\t\t\t\t<div class=\"wd-negative-gap elementor-element elementor-element-e7bffb7 e-flex e-con-boxed e-con e-parent\" data-id=\"e7bffb7\" data-element_type=\"container\">\n\t\t\t\t\t<div class=\"e-con-inner\">\n\t\t<div class=\"elementor-element elementor-element-37d7699 e-con-full e-flex e-con e-child\" data-id=\"37d7699\" data-element_type=\"container\">\n\t\t\t\t<div class=\"elementor-element elementor-element-39b0c26e color-scheme-inherit text-left elementor-widget elementor-widget-text-editor\" data-id=\"39b0c26e\" data-element_type=\"widget\" data-widget_type=\"text-editor.default\">\n\t\t\t\t<div class=\"elementor-widget-container\">\n\t\t\t\t\t\t\t\t\t<h3>Ruhig schlummern mit ayurvedischer Formel<\/h3><p>Willkommen in einer Welt des ruhigen Schlummerns mit unserem Traumsand Supplement. Dieses ayurvedische Nahrungserg\u00e4nzungsmittel wird sorgf\u00e4ltig mit Arjuna-Pulver, Bhringraj-Pulver, Tulasi-Pulver und Neem-Pulver hergestellt, wobei jeder Inhaltsstoff aufgrund seiner starken hautpflegenden Eigenschaften sorgf\u00e4ltig ausgew\u00e4hlt wurde.<\/p><p>&#8222;Hautzauber&#8220; wurde entwickelt, um Ihnen zu helfen, eine klare und strahlende Haut von innen zu erhalten. Arjuna-Pulver f\u00f6rdert die Elastizit\u00e4t der Haut, w\u00e4hrend Bhringraj-Pulver die Gesundheit von Haut und Haar unterst\u00fctzt. Tulasi-Pulver, das f\u00fcr seine reinigenden Eigenschaften bekannt ist, hilft bei der Entgiftung der Haut, und Neem-Pulver bek\u00e4mpft Hautunreinheiten und Makel.<\/p><p>Revitalisieren Sie Ihre Haut mit dem Guten aus der Natur und genie\u00dfen Sie das Selbstvertrauen, das ein gesunder, strahlender Teint mit sich bringt. Vertrauen Sie auf die jahrhundertealte Weisheit des Ayurveda und lassen Sie &#8222;Hautzauber&#8220; Ihr Verb\u00fcndeter bei der Entfaltung Ihrer nat\u00fcrlichen Sch\u00f6nheit sein. Erleben Sie die Magie der authentischen ayurvedischen Inhaltsstoffe und entfalten Sie die Ausstrahlung, die Sie verdienen.<\/p><h3>Wichtigste Vorteile<\/h3><ul><li>N\u00e4hrt und revitalisiert die Haut von innen heraus und f\u00f6rdert einen strahlenden und gesunden Teint.<\/li><li>Unterst\u00fctzt die Elastizit\u00e4t der Haut und die Gesundheit der Haare, um Ihre nat\u00fcrliche Sch\u00f6nheit zu unterstreichen.<\/li><li>Reinigt und entgiftet die Haut und hilft, Hautunreinheiten zu bek\u00e4mpfen, um ein klares und strahlendes Aussehen zu erhalten.<\/li><\/ul><h3>Verbrauchsempfehlung<\/h3><p>2 mal t\u00e4glich zwei Kapseln nach dem Essen unzerkaut mit ausreichend Fl\u00fcssigkeit einnehmen.<\/p>\t\t\t\t\t\t\t\t<\/div>\n\t\t\t\t<\/div>\n\t\t\t\t<\/div>\n\t\t<div class=\"elementor-element elementor-element-fb70c45 e-con-full e-flex e-con e-child\" data-id=\"fb70c45\" data-element_type=\"container\">\n\t\t\t\t<div class=\"elementor-element elementor-element-e4db880 elementor-widget elementor-widget-image\" data-id=\"e4db880\" data-element_type=\"widget\" data-widget_type=\"image.default\">\n\t\t\t\t<div class=\"elementor-widget-container\">\n\t\t\t\t\t\t\t\t\t\t\t\t\t\t\t<img fetchpriority=\"high\" decoding=\"async\" width=\"1024\" height=\"1024\" src=\"https:\/\/www.naturespices.net\/wp-content\/uploads\/2025\/05\/Ayurvedic-Healthcare-Sleep-Well-DE-1024x1024.png\" class=\"attachment-large size-large wp-image-22736\" alt=\"Ayurvedic Healthcare - Sleep Well\" srcset=\"https:\/\/www.naturespices.net\/wp-content\/uploads\/2025\/05\/Ayurvedic-Healthcare-Sleep-Well-DE-1024x1024.png 1024w, https:\/\/www.naturespices.net\/wp-content\/uploads\/2025\/05\/Ayurvedic-Healthcare-Sleep-Well-DE-300x300.png 300w, https:\/\/www.naturespices.net\/wp-content\/uploads\/2025\/05\/Ayurvedic-Healthcare-Sleep-Well-DE-150x150.png 150w, https:\/\/www.naturespices.net\/wp-content\/uploads\/2025\/05\/Ayurvedic-Healthcare-Sleep-Well-DE-768x768.png 768w, https:\/\/www.naturespices.net\/wp-content\/uploads\/2025\/05\/Ayurvedic-Healthcare-Sleep-Well-DE-1536x1536.png 1536w, https:\/\/www.naturespices.net\/wp-content\/uploads\/2025\/05\/Ayurvedic-Healthcare-Sleep-Well-DE-600x600.png 600w, https:\/\/www.naturespices.net\/wp-content\/uploads\/2025\/05\/Ayurvedic-Healthcare-Sleep-Well-DE-e1748357978729.png 2000w\" sizes=\"(max-width: 1024px) 100vw, 1024px\" \/>\t\t\t\t\t\t\t\t\t\t\t\t\t\t\t<\/div>\n\t\t\t\t<\/div>\n\t\t\t\t<\/div>\n\t\t\t\t\t<\/div>\n\t\t\t\t<\/div>\n\t\t\t\t<\/div>\n\t\t","protected":false},"excerpt":{"rendered":"<p>Unterst\u00fctzt erholsamen Schlaf und Entspannung. Wachen Sie erfrischt und verj\u00fcngt auf, damit Sie den Tag mit neuer Energie und Konzentration angehen k\u00f6nnen.<\/p>\n","protected":false},"featured_media":22736,"comment_status":"open","ping_status":"closed","template":"","meta":[],"product_brand":[],"product_cat":[46,53,47],"product_tag":[54,56,57,55,58],"class_list":{"0":"post-13311","1":"product","2":"type-product","3":"status-publish","4":"has-post-thumbnail","6":"product_cat-ayurvedische-gesundheit","7":"product_cat-schlaf","8":"product_cat-vegan-de","9":"product_tag-ayurvedisch","10":"product_tag-gesundheitswesen","11":"product_tag-naturlich","12":"product_tag-schlafen","13":"product_tag-vegan-de","14":"product_shipping_class-papproehren","16":"first","17":"outofstock","18":"taxable","19":"shipping-taxable","20":"purchasable","21":"product-type-simple"},"_links":{"self":[{"href":"https:\/\/www.naturespices.net\/de\/wp-json\/wp\/v2\/product\/13311","targetHints":{"allow":["GET"]}}],"collection":[{"href":"https:\/\/www.naturespices.net\/de\/wp-json\/wp\/v2\/product"}],"about":[{"href":"https:\/\/www.naturespices.net\/de\/wp-json\/wp\/v2\/types\/product"}],"replies":[{"embeddable":true,"href":"https:\/\/www.naturespices.net\/de\/wp-json\/wp\/v2\/comments?post=13311"}],"version-history":[{"count":8,"href":"https:\/\/www.naturespices.net\/de\/wp-json\/wp\/v2\/product\/13311\/revisions"}],"predecessor-version":[{"id":19747,"href":"https:\/\/www.naturespices.net\/de\/wp-json\/wp\/v2\/product\/13311\/revisions\/19747"}],"wp:featuredmedia":[{"embeddable":true,"href":"https:\/\/www.naturespices.net\/de\/wp-json\/wp\/v2\/media\/22736"}],"wp:attachment":[{"href":"https:\/\/www.naturespices.net\/de\/wp-json\/wp\/v2\/media?parent=13311"}],"wp:term":[{"taxonomy":"product_brand","embeddable":true,"href":"https:\/\/www.naturespices.net\/de\/wp-json\/wp\/v2\/product_brand?post=13311"},{"taxonomy":"product_cat","embeddable":true,"href":"https:\/\/www.naturespices.net\/de\/wp-json\/wp\/v2\/product_cat?post=13311"},{"taxonomy":"product_tag","embeddable":true,"href":"https:\/\/www.naturespices.net\/de\/wp-json\/wp\/v2\/product_tag?post=13311"}],"curies":[{"name":"wp","href":"https:\/\/api.w.org\/{rel}","templated":true}]}}