{"id":23082,"date":"2025-05-29T16:09:27","date_gmt":"2025-05-29T14:09:27","guid":{"rendered":"https:\/\/www.naturespices.net\/shop\/haarmaske-staerkeres-haar-ayurvedische-kraft-vitalitaet-von-der-wurzel-bis-zur-spitze\/"},"modified":"2025-06-11T15:28:15","modified_gmt":"2025-06-11T13:28:15","slug":"haarmaske-staerkeres-haar-ayurvedische-kraft-vitalitaet-von-der-wurzel-bis-zur-spitze","status":"publish","type":"product","link":"https:\/\/www.naturespices.net\/de\/shop\/haarmaske-staerkeres-haar-ayurvedische-kraft-vitalitaet-von-der-wurzel-bis-zur-spitze\/","title":{"rendered":"Haarmaske &#8211; St\u00e4rkeres Haar | Ayurvedische Kraft &amp; Vitalit\u00e4t von der Wurzel bis zur Spitze"},"content":{"rendered":"\t\t<div data-elementor-type=\"product-post\" data-elementor-id=\"23082\" class=\"elementor elementor-23082 elementor-23077\" data-elementor-post-type=\"product\">\n\t\t\t\t<div class=\"wd-negative-gap elementor-element elementor-element-c7ad55e e-flex e-con-boxed e-con e-parent\" data-id=\"c7ad55e\" data-element_type=\"container\">\n\t\t\t\t\t<div class=\"e-con-inner\">\n\t\t<div class=\"elementor-element elementor-element-120e966 e-con-full e-flex e-con e-child\" data-id=\"120e966\" data-element_type=\"container\">\n\t\t\t\t<div class=\"elementor-element elementor-element-b86f8d0 color-scheme-inherit text-left elementor-widget elementor-widget-text-editor\" data-id=\"b86f8d0\" data-element_type=\"widget\" data-widget_type=\"text-editor.default\">\n\t\t\t\t<div class=\"elementor-widget-container\">\n\t\t\t\t\t\t\t\t\t<h3 data-start=\"619\" data-end=\"678\">Resilient Roots &#8211; Ayurvedische Haarmaske f\u00fcr kr\u00e4ftigeres Haar<\/h3><p data-start=\"672\" data-end=\"945\">St\u00e4rken Sie Ihr Haar von der Wurzel bis zur Spitze mit unserer <em data-start=\"716\" data-end=\"743\">Haarmaske &#8211; Stronger Hair<\/em> by Nature Spices. Diese revitalisierende ayurvedische Behandlung besteht aus einer kraftvollen Mischung traditioneller Kr\u00e4uter, die daf\u00fcr bekannt sind, die Gesundheit der Kopfhaut zu unterst\u00fctzen, Haarbruch zu reduzieren und das Haar zu st\u00e4rken und widerstandsf\u00e4higer zu machen. <\/p><p data-start=\"947\" data-end=\"1322\">Bhringraj, im Ayurveda oft als \u201eK\u00f6nig der Kr\u00e4uter\u201c f\u00fcr die Haarpflege bezeichnet, hilft, das Haarwachstum zu stimulieren und die Haarfollikel zu st\u00e4rken. Tulasi und Neem reinigen die Kopfhaut und sch\u00fctzen vor Ablagerungen und Schuppen, w\u00e4hrend Kurkuma Reizungen beruhigt und ein gesundes Kopfhautmilieu unterst\u00fctzt. Ingwer verbessert die Durchblutung der Kopfhaut und f\u00f6rdert so die N\u00e4hrstoffversorgung und Revitalisierung.  <\/p><p data-start=\"1324\" data-end=\"1487\">Diese n\u00e4hrende Maske ist die ideale L\u00f6sung f\u00fcr schwaches, d\u00fcnner werdendes oder m\u00fcdes Haar. Sie bietet ayurvedische Pflege, die Kraft, Glanz und langfristige Vitalit\u00e4t f\u00f6rdert.<\/p><h3 data-start=\"1494\" data-end=\"1516\">Wichtigste Vorteile<\/h3><ul data-start=\"1517\" data-end=\"1864\"><li data-start=\"1517\" data-end=\"1588\"><p data-start=\"1519\" data-end=\"1588\"><strong data-start=\"1519\" data-end=\"1549\">St\u00e4rkt die Haarfollikel<\/strong> und reduziert den Haarausfall mit bhringraj<\/p><\/li><li data-start=\"1589\" data-end=\"1657\"><p data-start=\"1591\" data-end=\"1657\"><strong data-start=\"1591\" data-end=\"1613\">Reinigt die Kopfhaut<\/strong> und unterst\u00fctzt die Klarheit mit Tulasi und Neem<\/p><\/li><li data-start=\"1658\" data-end=\"1722\"><p data-start=\"1660\" data-end=\"1722\"><strong data-start=\"1660\" data-end=\"1686\">Stimuliert die Durchblutung<\/strong> und revitalisiert die Wurzeln mit Ingwer<\/p><\/li><li data-start=\"1723\" data-end=\"1787\"><p data-start=\"1725\" data-end=\"1787\"><strong data-start=\"1725\" data-end=\"1745\">Beruhigt Reizungen<\/strong> und f\u00f6rdert die Gesundheit der Kopfhaut mit Kurkuma<\/p><\/li><li data-start=\"1788\" data-end=\"1864\"><p data-start=\"1790\" data-end=\"1864\"><strong data-start=\"1790\" data-end=\"1833\">F\u00f6rdert die Widerstandsf\u00e4higkeit und den nat\u00fcrlichen Glanz<\/strong> durch ganzheitliche Ern\u00e4hrung<\/p><\/li><\/ul><h3 data-start=\"1871\" data-end=\"1907\">Anwendungsempfehlung<\/h3><p data-start=\"1908\" data-end=\"2186\">Mischen Sie 2-3 Teel\u00f6ffel des Pulvers mit warmem Wasser oder Joghurt zu einer glatten Paste. Tragen Sie die Paste auf die Kopfhaut und die L\u00e4ngen des feuchten Haares auf.  Lassen Sie es <strong data-start=\"2054\" data-end=\"2071\">20-30 Minuten<\/strong> einwirken und sp\u00fclen Sie es dann gr\u00fcndlich ab. Verwenden Sie es <strong data-start=\"2100\" data-end=\"2122\">1-2 Mal pro Woche<\/strong>. F\u00fcr alle Haartypen geeignet, insbesondere f\u00fcr schwaches oder d\u00fcnner werdendes Haar.<\/p>\t\t\t\t\t\t\t\t<\/div>\n\t\t\t\t<\/div>\n\t\t\t\t<\/div>\n\t\t<div class=\"elementor-element elementor-element-2cbfadf e-con-full e-flex e-con e-child\" data-id=\"2cbfadf\" data-element_type=\"container\">\n\t\t\t\t<div class=\"elementor-element elementor-element-d0d6bfd elementor-widget elementor-widget-image\" data-id=\"d0d6bfd\" data-element_type=\"widget\" data-widget_type=\"image.default\">\n\t\t\t\t<div class=\"elementor-widget-container\">\n\t\t\t\t\t\t\t\t\t\t\t\t\t\t\t<img fetchpriority=\"high\" decoding=\"async\" width=\"1024\" height=\"1024\" src=\"https:\/\/www.naturespices.net\/wp-content\/uploads\/2025\/05\/Ayurvedic-Cosmetics-Hair-Mask-Stronger-Hair-DE-1024x1024.png\" class=\"attachment-large size-large wp-image-22930\" alt=\"Ayurvedic Cosmetics - Hair Mask Stronger Hair\" srcset=\"https:\/\/www.naturespices.net\/wp-content\/uploads\/2025\/05\/Ayurvedic-Cosmetics-Hair-Mask-Stronger-Hair-DE-1024x1024.png 1024w, https:\/\/www.naturespices.net\/wp-content\/uploads\/2025\/05\/Ayurvedic-Cosmetics-Hair-Mask-Stronger-Hair-DE-300x300.png 300w, https:\/\/www.naturespices.net\/wp-content\/uploads\/2025\/05\/Ayurvedic-Cosmetics-Hair-Mask-Stronger-Hair-DE-150x150.png 150w, https:\/\/www.naturespices.net\/wp-content\/uploads\/2025\/05\/Ayurvedic-Cosmetics-Hair-Mask-Stronger-Hair-DE-768x768.png 768w, https:\/\/www.naturespices.net\/wp-content\/uploads\/2025\/05\/Ayurvedic-Cosmetics-Hair-Mask-Stronger-Hair-DE-1536x1536.png 1536w, https:\/\/www.naturespices.net\/wp-content\/uploads\/2025\/05\/Ayurvedic-Cosmetics-Hair-Mask-Stronger-Hair-DE-600x600.png 600w, https:\/\/www.naturespices.net\/wp-content\/uploads\/2025\/05\/Ayurvedic-Cosmetics-Hair-Mask-Stronger-Hair-DE.png 2000w\" sizes=\"(max-width: 1024px) 100vw, 1024px\" \/>\t\t\t\t\t\t\t\t\t\t\t\t\t\t\t<\/div>\n\t\t\t\t<\/div>\n\t\t\t\t<\/div>\n\t\t\t\t\t<\/div>\n\t\t\t\t<\/div>\n\t\t\t\t<\/div>\n\t\t","protected":false},"excerpt":{"rendered":"<p>St\u00e4rken und regenerieren Sie Ihr Haar auf nat\u00fcrliche Weise mit dieser ayurvedischen Haarmaske. Sie enth\u00e4lt Bhringraj, Tulasi, Neem und Ingwer und hilft, die Haarwurzeln zu n\u00e4hren, den Haarausfall zu reduzieren und das Haar von innen heraus zu st\u00e4rken und ges\u00fcnder zu machen. <\/p>\n","protected":false},"featured_media":22930,"comment_status":"open","ping_status":"closed","template":"","meta":[],"product_brand":[],"product_cat":[248,232],"product_tag":[213,250,249,57],"class_list":{"0":"post-23082","1":"product","2":"type-product","3":"status-publish","4":"has-post-thumbnail","6":"product_cat-haar-maske","7":"product_cat-ayurvedische-kosmetik","8":"product_tag-ayurveda-de","9":"product_tag-haare","10":"product_tag-kosmetika","11":"product_tag-naturlich","12":"product_shipping_class-papproehren","14":"first","15":"outofstock","16":"taxable","17":"shipping-taxable","18":"purchasable","19":"product-type-simple"},"_links":{"self":[{"href":"https:\/\/www.naturespices.net\/de\/wp-json\/wp\/v2\/product\/23082","targetHints":{"allow":["GET"]}}],"collection":[{"href":"https:\/\/www.naturespices.net\/de\/wp-json\/wp\/v2\/product"}],"about":[{"href":"https:\/\/www.naturespices.net\/de\/wp-json\/wp\/v2\/types\/product"}],"replies":[{"embeddable":true,"href":"https:\/\/www.naturespices.net\/de\/wp-json\/wp\/v2\/comments?post=23082"}],"version-history":[{"count":5,"href":"https:\/\/www.naturespices.net\/de\/wp-json\/wp\/v2\/product\/23082\/revisions"}],"predecessor-version":[{"id":24952,"href":"https:\/\/www.naturespices.net\/de\/wp-json\/wp\/v2\/product\/23082\/revisions\/24952"}],"wp:featuredmedia":[{"embeddable":true,"href":"https:\/\/www.naturespices.net\/de\/wp-json\/wp\/v2\/media\/22930"}],"wp:attachment":[{"href":"https:\/\/www.naturespices.net\/de\/wp-json\/wp\/v2\/media?parent=23082"}],"wp:term":[{"taxonomy":"product_brand","embeddable":true,"href":"https:\/\/www.naturespices.net\/de\/wp-json\/wp\/v2\/product_brand?post=23082"},{"taxonomy":"product_cat","embeddable":true,"href":"https:\/\/www.naturespices.net\/de\/wp-json\/wp\/v2\/product_cat?post=23082"},{"taxonomy":"product_tag","embeddable":true,"href":"https:\/\/www.naturespices.net\/de\/wp-json\/wp\/v2\/product_tag?post=23082"}],"curies":[{"name":"wp","href":"https:\/\/api.w.org\/{rel}","templated":true}]}}