{"id":23083,"date":"2025-05-29T16:04:38","date_gmt":"2025-05-29T14:04:38","guid":{"rendered":"https:\/\/www.naturespices.net\/shop\/gesichtsmaske-fettige-haut-ayurvedische-reinigung-fuer-ausgeglichene-klare-haut\/"},"modified":"2025-06-11T15:27:34","modified_gmt":"2025-06-11T13:27:34","slug":"gesichtsmaske-fettige-haut-ayurvedische-reinigung-fuer-ausgeglichene-klare-haut","status":"publish","type":"product","link":"https:\/\/www.naturespices.net\/de\/shop\/gesichtsmaske-fettige-haut-ayurvedische-reinigung-fuer-ausgeglichene-klare-haut\/","title":{"rendered":"Gesichtsmaske &#8211; Fettige Haut | Ayurvedische Reinigung f\u00fcr ausgeglichene, klare Haut"},"content":{"rendered":"\t\t<div data-elementor-type=\"product-post\" data-elementor-id=\"23083\" class=\"elementor elementor-23083 elementor-23072\" data-elementor-post-type=\"product\">\n\t\t\t\t<div class=\"wd-negative-gap elementor-element elementor-element-c869fca e-flex e-con-boxed e-con e-parent\" data-id=\"c869fca\" data-element_type=\"container\">\n\t\t\t\t\t<div class=\"e-con-inner\">\n\t\t<div class=\"elementor-element elementor-element-1529961 e-con-full e-flex e-con e-child\" data-id=\"1529961\" data-element_type=\"container\">\n\t\t\t\t<div class=\"elementor-element elementor-element-9f3e4a8 color-scheme-inherit text-left elementor-widget elementor-widget-text-editor\" data-id=\"9f3e4a8\" data-element_type=\"widget\" data-widget_type=\"text-editor.default\">\n\t\t\t\t<div class=\"elementor-widget-container\">\n\t\t\t\t\t\t\t\t\t<h3 data-start=\"606\" data-end=\"661\">Ausgeglichene Sch\u00f6nheit &#8211; Ayurvedische Gesichtsmaske f\u00fcr fettige Haut<\/h3><p data-start=\"606\" data-end=\"847\">Bringen Sie Ihre Haut mit unserer <em data-start=\"648\" data-end=\"671\">Gesichtsmaske &#8211; Fettige Haut<\/em> von Nature Spices wieder in Einklang. Diese Gesichtsmaske mit einer minimalen, aber wirksamen ayurvedischen Mischung wurde entwickelt, um \u00fcbersch\u00fcssiges \u00d6l zu regulieren, Glanz zu reduzieren und eine klare, gesund aussehende Haut zu f\u00f6rdern. <\/p><p data-start=\"849\" data-end=\"1196\">Kurkuma wirkt auf nat\u00fcrliche Weise antibakteriell und entz\u00fcndungshemmend und hilft, Hautausbr\u00fcche zu minimieren und den Hautton zu verfeinern. Ingwer regt die Durchblutung an und versorgt die Haut mit Energie, was zu einem gleichm\u00e4\u00dfigeren Hautbild beitr\u00e4gt. Shatavari bietet ein beruhigendes Gleichgewicht, das die Haut mit Feuchtigkeit versorgt, ohne sie zu fetten &#8211; ideal f\u00fcr Haut, die sowohl beruhigt als auch gereinigt werden muss.  <\/p><p data-start=\"1198\" data-end=\"1344\">Diese Maske ist eine sanfte und dennoch wirkungsvolle L\u00f6sung f\u00fcr fettige Haut und Mischhaut. Sie unterst\u00fctzt das nat\u00fcrliche Gleichgewicht Ihres Teints durch ganzheitliche Pflege.<\/p><h3 data-start=\"1351\" data-end=\"1373\">Wichtigste Vorteile<\/h3><ul data-start=\"1374\" data-end=\"1695\"><li data-start=\"1374\" data-end=\"1429\"><p data-start=\"1376\" data-end=\"1429\"><strong data-start=\"1376\" data-end=\"1399\">Kontrolliert \u00fcbersch\u00fcssiges \u00d6l<\/strong> und reduziert den Glanz auf nat\u00fcrliche Weise<\/p><\/li><li data-start=\"1430\" data-end=\"1501\"><p data-start=\"1432\" data-end=\"1501\"><strong data-start=\"1432\" data-end=\"1462\">Reinigt und verfeinert die Poren<\/strong> dank der antibakteriellen Wirkung von Kurkuma<\/p><\/li><li data-start=\"1502\" data-end=\"1569\"><p data-start=\"1504\" data-end=\"1569\"><strong data-start=\"1504\" data-end=\"1541\">F\u00f6rdert die Klarheit und das Gleichgewicht der Haut<\/strong> durch ayurvedische Synergie<\/p><\/li><li data-start=\"1570\" data-end=\"1635\"><p data-start=\"1572\" data-end=\"1635\"><strong data-start=\"1572\" data-end=\"1600\">Energisiert und gleicht den Tonus<\/strong> mit durchblutungsf\u00f6rderndem Ingwer <strong data-start=\"1572\" data-end=\"1600\">aus<\/strong> <\/p><\/li><li data-start=\"1636\" data-end=\"1695\"><p data-start=\"1638\" data-end=\"1695\"><strong data-start=\"1638\" data-end=\"1678\">Beruhigt und unterst\u00fctzt die Widerstandsf\u00e4higkeit der Haut<\/strong> mit Shatavari<\/p><\/li><\/ul><h3 data-start=\"1702\" data-end=\"1738\">Anwendungsempfehlung<\/h3><p data-start=\"1739\" data-end=\"2004\">Mischen Sie 1-2 Teel\u00f6ffel des Pulvers mit Wasser oder Rosenwasser zu einer Paste. Tragen Sie die Paste gleichm\u00e4\u00dfig auf die saubere Haut auf und vermeiden Sie dabei die Augenpartie. Lassen Sie die Paste <strong data-start=\"1873\" data-end=\"1890\">10-15 Minuten<\/strong> einwirken und sp\u00fclen Sie sie dann gr\u00fcndlich mit lauwarmem Wasser ab. Verwenden Sie es <strong data-start=\"1939\" data-end=\"1961\">2-3 Mal pro Woche<\/strong>. Am besten geeignet f\u00fcr fettige Haut oder Mischhaut.    <\/p>\t\t\t\t\t\t\t\t<\/div>\n\t\t\t\t<\/div>\n\t\t\t\t<\/div>\n\t\t<div class=\"elementor-element elementor-element-ce85262 e-con-full e-flex e-con e-child\" data-id=\"ce85262\" data-element_type=\"container\">\n\t\t\t\t<div class=\"elementor-element elementor-element-ac38571 elementor-widget elementor-widget-image\" data-id=\"ac38571\" data-element_type=\"widget\" data-widget_type=\"image.default\">\n\t\t\t\t<div class=\"elementor-widget-container\">\n\t\t\t\t\t\t\t\t\t\t\t\t\t\t\t<img fetchpriority=\"high\" decoding=\"async\" width=\"1024\" height=\"1024\" src=\"https:\/\/www.naturespices.net\/wp-content\/uploads\/2025\/05\/Ayurvedic-Cosmetics-Face-Mask-Oily-Skin-DE-1024x1024.png\" class=\"attachment-large size-large wp-image-22928\" alt=\"Ayurvedic Cosmetics - Face Mask Oily Skin\" srcset=\"https:\/\/www.naturespices.net\/wp-content\/uploads\/2025\/05\/Ayurvedic-Cosmetics-Face-Mask-Oily-Skin-DE-1024x1024.png 1024w, https:\/\/www.naturespices.net\/wp-content\/uploads\/2025\/05\/Ayurvedic-Cosmetics-Face-Mask-Oily-Skin-DE-300x300.png 300w, https:\/\/www.naturespices.net\/wp-content\/uploads\/2025\/05\/Ayurvedic-Cosmetics-Face-Mask-Oily-Skin-DE-150x150.png 150w, https:\/\/www.naturespices.net\/wp-content\/uploads\/2025\/05\/Ayurvedic-Cosmetics-Face-Mask-Oily-Skin-DE-768x768.png 768w, https:\/\/www.naturespices.net\/wp-content\/uploads\/2025\/05\/Ayurvedic-Cosmetics-Face-Mask-Oily-Skin-DE-1536x1536.png 1536w, https:\/\/www.naturespices.net\/wp-content\/uploads\/2025\/05\/Ayurvedic-Cosmetics-Face-Mask-Oily-Skin-DE-600x600.png 600w, https:\/\/www.naturespices.net\/wp-content\/uploads\/2025\/05\/Ayurvedic-Cosmetics-Face-Mask-Oily-Skin-DE.png 2000w\" sizes=\"(max-width: 1024px) 100vw, 1024px\" \/>\t\t\t\t\t\t\t\t\t\t\t\t\t\t\t<\/div>\n\t\t\t\t<\/div>\n\t\t\t\t<\/div>\n\t\t\t\t\t<\/div>\n\t\t\t\t<\/div>\n\t\t\t\t<\/div>\n\t\t","protected":false},"excerpt":{"rendered":"<p>Kontrollieren Sie \u00fcbersch\u00fcssiges \u00d6l und erfrischen Sie Ihre Haut mit dieser ayurvedischen Gesichtsmaske. Sie enth\u00e4lt Kurkuma, Ingwer und Shatavari und hilft, die Poren zu reinigen, die Talgproduktion auszugleichen und einen klaren, ruhigen Teint zu f\u00f6rdern. <\/p>\n","protected":false},"featured_media":22928,"comment_status":"open","ping_status":"closed","template":"","meta":[],"product_brand":[],"product_cat":[251,232],"product_tag":[213,78,249,57],"class_list":{"0":"post-23083","1":"product","2":"type-product","3":"status-publish","4":"has-post-thumbnail","6":"product_cat-haut-maske","7":"product_cat-ayurvedische-kosmetik","8":"product_tag-ayurveda-de","9":"product_tag-haut","10":"product_tag-kosmetika","11":"product_tag-naturlich","12":"product_shipping_class-papproehren","14":"first","15":"outofstock","16":"taxable","17":"shipping-taxable","18":"purchasable","19":"product-type-simple"},"_links":{"self":[{"href":"https:\/\/www.naturespices.net\/de\/wp-json\/wp\/v2\/product\/23083","targetHints":{"allow":["GET"]}}],"collection":[{"href":"https:\/\/www.naturespices.net\/de\/wp-json\/wp\/v2\/product"}],"about":[{"href":"https:\/\/www.naturespices.net\/de\/wp-json\/wp\/v2\/types\/product"}],"replies":[{"embeddable":true,"href":"https:\/\/www.naturespices.net\/de\/wp-json\/wp\/v2\/comments?post=23083"}],"version-history":[{"count":4,"href":"https:\/\/www.naturespices.net\/de\/wp-json\/wp\/v2\/product\/23083\/revisions"}],"predecessor-version":[{"id":24950,"href":"https:\/\/www.naturespices.net\/de\/wp-json\/wp\/v2\/product\/23083\/revisions\/24950"}],"wp:featuredmedia":[{"embeddable":true,"href":"https:\/\/www.naturespices.net\/de\/wp-json\/wp\/v2\/media\/22928"}],"wp:attachment":[{"href":"https:\/\/www.naturespices.net\/de\/wp-json\/wp\/v2\/media?parent=23083"}],"wp:term":[{"taxonomy":"product_brand","embeddable":true,"href":"https:\/\/www.naturespices.net\/de\/wp-json\/wp\/v2\/product_brand?post=23083"},{"taxonomy":"product_cat","embeddable":true,"href":"https:\/\/www.naturespices.net\/de\/wp-json\/wp\/v2\/product_cat?post=23083"},{"taxonomy":"product_tag","embeddable":true,"href":"https:\/\/www.naturespices.net\/de\/wp-json\/wp\/v2\/product_tag?post=23083"}],"curies":[{"name":"wp","href":"https:\/\/api.w.org\/{rel}","templated":true}]}}