{"id":23084,"date":"2025-05-29T15:55:37","date_gmt":"2025-05-29T13:55:37","guid":{"rendered":"https:\/\/www.naturespices.net\/shop\/gesichtsmaske-trockene-haut-ayurvedische-hydratation-fuer-weiche-genaehrte-haut\/"},"modified":"2025-06-11T15:27:59","modified_gmt":"2025-06-11T13:27:59","slug":"gesichtsmaske-trockene-haut-ayurvedische-hydratation-fuer-weiche-genaehrte-haut","status":"publish","type":"product","link":"https:\/\/www.naturespices.net\/de\/shop\/gesichtsmaske-trockene-haut-ayurvedische-hydratation-fuer-weiche-genaehrte-haut\/","title":{"rendered":"Gesichtsmaske &#8211; Trockene Haut | Ayurvedische Hydratation f\u00fcr weiche, gen\u00e4hrte Haut"},"content":{"rendered":"\t\t<div data-elementor-type=\"product-post\" data-elementor-id=\"23084\" class=\"elementor elementor-23084 elementor-23060\" data-elementor-post-type=\"product\">\n\t\t\t\t<div class=\"wd-negative-gap elementor-element elementor-element-33ce056 e-flex e-con-boxed e-con e-parent\" data-id=\"33ce056\" data-element_type=\"container\">\n\t\t\t\t\t<div class=\"e-con-inner\">\n\t\t<div class=\"elementor-element elementor-element-f37d042 e-con-full e-flex e-con e-child\" data-id=\"f37d042\" data-element_type=\"container\">\n\t\t\t\t<div class=\"elementor-element elementor-element-3ac0ffc color-scheme-inherit text-left elementor-widget elementor-widget-text-editor\" data-id=\"3ac0ffc\" data-element_type=\"widget\" data-widget_type=\"text-editor.default\">\n\t\t\t\t<div class=\"elementor-widget-container\">\n\t\t\t\t\t\t\t\t\t<h3 data-start=\"608\" data-end=\"663\">Deep Nourishment &#8211; Ayurvedische Gesichtsmaske f\u00fcr trockene Haut<\/h3><p data-start=\"635\" data-end=\"902\">Verw\u00f6hnen Sie Ihre Haut mit der n\u00e4hrenden Kraft des Ayurveda durch unsere <em data-start=\"703\" data-end=\"725\">Gesichtsmaske &#8211; Trockene Haut<\/em> von Nature Spices. Diese Kr\u00e4utermaske wurde sorgf\u00e4ltig entwickelt, um Trockenheit zu lindern und Feuchtigkeit zu spenden. Sie bietet tiefe Hydratation und Komfort mit bew\u00e4hrten pflanzlichen Inhaltsstoffen. <\/p><p data-start=\"904\" data-end=\"1254\">Shatavari, das traditionell f\u00fcr seine verj\u00fcngenden und feuchtigkeitsspendenden Eigenschaften verwendet wird, hilft, die Haut weich und geschmeidig zu machen. Brahmi beruhigt Reizungen und unterst\u00fctzt die Vitalit\u00e4t der Haut, w\u00e4hrend Ingwer die Durchblutung anregt und f\u00fcr ein gesundes Strahlen sorgt. Kurkuma wirkt entz\u00fcndungshemmend und verleiht der Haut Leuchtkraft. Triphala erfrischt sanft und f\u00f6rdert die allgemeine Gesundheit der Haut.  <\/p><p data-start=\"1256\" data-end=\"1419\">Diese sanfte, aufbauende Maske ist ideal f\u00fcr trockene oder empfindliche Haut. Sie bietet ein nat\u00fcrliches Mittel gegen Trockenheit und stellt das nat\u00fcrliche Gleichgewicht und die Widerstandsf\u00e4higkeit Ihrer Haut wieder her.<\/p><h3 data-start=\"1426\" data-end=\"1448\">Wichtigste Vorteile<\/h3><ul data-start=\"1449\" data-end=\"1796\"><li data-start=\"1449\" data-end=\"1512\"><p data-start=\"1451\" data-end=\"1512\"><strong data-start=\"1451\" data-end=\"1470\">Spendet tiefgehend Feuchtigkeit<\/strong> und n\u00e4hrt mit Shatavari und Brahmi<\/p><\/li><li data-start=\"1513\" data-end=\"1593\"><p data-start=\"1515\" data-end=\"1593\"><strong data-start=\"1515\" data-end=\"1546\">Beruhigt trockene, gereizte Haut<\/strong> mit den entz\u00fcndungshemmenden Eigenschaften von Kurkuma<\/p><\/li><li data-start=\"1594\" data-end=\"1651\"><p data-start=\"1596\" data-end=\"1651\"><strong data-start=\"1596\" data-end=\"1620\">Verbessert die Durchblutung<\/strong> und die Leuchtkraft mit w\u00e4rmendem Ingwer<\/p><\/li><li data-start=\"1652\" data-end=\"1717\"><p data-start=\"1654\" data-end=\"1717\"><strong data-start=\"1654\" data-end=\"1684\">Erfrischt und tonisiert sanft<\/strong> mit antioxidantienreichem Triphala<\/p><\/li><li data-start=\"1718\" data-end=\"1796\"><p data-start=\"1720\" data-end=\"1796\"><strong data-start=\"1720\" data-end=\"1771\">Unterst\u00fctzt lang anhaltende Geschmeidigkeit und Ausgeglichenheit der Haut<\/strong> durch ayurvedische Pflege<\/p><\/li><\/ul><h3 data-start=\"1803\" data-end=\"1839\">Anwendungsempfehlung<\/h3><p data-start=\"1840\" data-end=\"2108\">Mischen Sie 1-2 Teel\u00f6ffel des Pulvers mit Wasser, Rosenwasser oder Joghurt zu einer cremigen Paste. Tragen Sie die Paste gleichm\u00e4\u00dfig auf die saubere Haut auf und vermeiden Sie dabei die Augenpartie. Lassen Sie die Creme <strong data-start=\"1990\" data-end=\"2007\">15-20 Minuten<\/strong> einwirken und sp\u00fclen Sie sie dann mit lauwarmem Wasser ab. Verwenden Sie die Creme <strong data-start=\"2045\" data-end=\"2067\">2-3 Mal pro Woche<\/strong>. Ideal f\u00fcr trockene und empfindliche Hauttypen.    <\/p>\t\t\t\t\t\t\t\t<\/div>\n\t\t\t\t<\/div>\n\t\t\t\t<\/div>\n\t\t<div class=\"elementor-element elementor-element-28efc5d e-con-full e-flex e-con e-child\" data-id=\"28efc5d\" data-element_type=\"container\">\n\t\t\t\t<div class=\"elementor-element elementor-element-8f66993 elementor-widget elementor-widget-image\" data-id=\"8f66993\" data-element_type=\"widget\" data-widget_type=\"image.default\">\n\t\t\t\t<div class=\"elementor-widget-container\">\n\t\t\t\t\t\t\t\t\t\t\t\t\t\t\t<img fetchpriority=\"high\" decoding=\"async\" width=\"1024\" height=\"1024\" src=\"https:\/\/www.naturespices.net\/wp-content\/uploads\/2025\/05\/Ayurvedic-Cosmetics-Face-Mask-Dry-Skin-DE-1024x1024.png\" class=\"attachment-large size-large wp-image-22926\" alt=\"Ayurvedic Cosmetics - Face Mask Dry Skin\" srcset=\"https:\/\/www.naturespices.net\/wp-content\/uploads\/2025\/05\/Ayurvedic-Cosmetics-Face-Mask-Dry-Skin-DE-1024x1024.png 1024w, https:\/\/www.naturespices.net\/wp-content\/uploads\/2025\/05\/Ayurvedic-Cosmetics-Face-Mask-Dry-Skin-DE-300x300.png 300w, https:\/\/www.naturespices.net\/wp-content\/uploads\/2025\/05\/Ayurvedic-Cosmetics-Face-Mask-Dry-Skin-DE-150x150.png 150w, https:\/\/www.naturespices.net\/wp-content\/uploads\/2025\/05\/Ayurvedic-Cosmetics-Face-Mask-Dry-Skin-DE-768x768.png 768w, https:\/\/www.naturespices.net\/wp-content\/uploads\/2025\/05\/Ayurvedic-Cosmetics-Face-Mask-Dry-Skin-DE-1536x1536.png 1536w, https:\/\/www.naturespices.net\/wp-content\/uploads\/2025\/05\/Ayurvedic-Cosmetics-Face-Mask-Dry-Skin-DE-600x600.png 600w, https:\/\/www.naturespices.net\/wp-content\/uploads\/2025\/05\/Ayurvedic-Cosmetics-Face-Mask-Dry-Skin-DE.png 2000w\" sizes=\"(max-width: 1024px) 100vw, 1024px\" \/>\t\t\t\t\t\t\t\t\t\t\t\t\t\t\t<\/div>\n\t\t\t\t<\/div>\n\t\t\t\t<\/div>\n\t\t\t\t\t<\/div>\n\t\t\t\t<\/div>\n\t\t\t\t<\/div>\n\t\t","protected":false},"excerpt":{"rendered":"<p>Beruhigen Sie trockene Haut und pflegen Sie sie mit unserer ayurvedischen Gesichtsmaske. Eine erholsame Mischung aus Kurkuma, Shatavari, Ingwer und Brahmi spendet Feuchtigkeit, beruhigt und revitalisiert Ihre Haut und sorgt f\u00fcr einen glatten und strahlenden Teint. <\/p>\n","protected":false},"featured_media":22926,"comment_status":"open","ping_status":"closed","template":"","meta":[],"product_brand":[],"product_cat":[251,232],"product_tag":[213,249,57],"class_list":{"0":"post-23084","1":"product","2":"type-product","3":"status-publish","4":"has-post-thumbnail","6":"product_cat-haut-maske","7":"product_cat-ayurvedische-kosmetik","8":"product_tag-ayurveda-de","9":"product_tag-kosmetika","10":"product_tag-naturlich","11":"product_shipping_class-papproehren","13":"first","14":"outofstock","15":"taxable","16":"shipping-taxable","17":"purchasable","18":"product-type-simple"},"_links":{"self":[{"href":"https:\/\/www.naturespices.net\/de\/wp-json\/wp\/v2\/product\/23084","targetHints":{"allow":["GET"]}}],"collection":[{"href":"https:\/\/www.naturespices.net\/de\/wp-json\/wp\/v2\/product"}],"about":[{"href":"https:\/\/www.naturespices.net\/de\/wp-json\/wp\/v2\/types\/product"}],"replies":[{"embeddable":true,"href":"https:\/\/www.naturespices.net\/de\/wp-json\/wp\/v2\/comments?post=23084"}],"version-history":[{"count":4,"href":"https:\/\/www.naturespices.net\/de\/wp-json\/wp\/v2\/product\/23084\/revisions"}],"predecessor-version":[{"id":24951,"href":"https:\/\/www.naturespices.net\/de\/wp-json\/wp\/v2\/product\/23084\/revisions\/24951"}],"wp:featuredmedia":[{"embeddable":true,"href":"https:\/\/www.naturespices.net\/de\/wp-json\/wp\/v2\/media\/22926"}],"wp:attachment":[{"href":"https:\/\/www.naturespices.net\/de\/wp-json\/wp\/v2\/media?parent=23084"}],"wp:term":[{"taxonomy":"product_brand","embeddable":true,"href":"https:\/\/www.naturespices.net\/de\/wp-json\/wp\/v2\/product_brand?post=23084"},{"taxonomy":"product_cat","embeddable":true,"href":"https:\/\/www.naturespices.net\/de\/wp-json\/wp\/v2\/product_cat?post=23084"},{"taxonomy":"product_tag","embeddable":true,"href":"https:\/\/www.naturespices.net\/de\/wp-json\/wp\/v2\/product_tag?post=23084"}],"curies":[{"name":"wp","href":"https:\/\/api.w.org\/{rel}","templated":true}]}}