{"id":23085,"date":"2025-05-29T15:49:32","date_gmt":"2025-05-29T13:49:32","guid":{"rendered":"https:\/\/www.naturespices.net\/shop\/gesichtsmaske-anti-aging-ayurvedische-verjuengung-fuer-jugendliche-ausstrahlung\/"},"modified":"2025-06-11T15:24:58","modified_gmt":"2025-06-11T13:24:58","slug":"gesichtsmaske-anti-aging-ayurvedische-verjuengung-fuer-jugendliche-ausstrahlung","status":"publish","type":"product","link":"https:\/\/www.naturespices.net\/de\/shop\/gesichtsmaske-anti-aging-ayurvedische-verjuengung-fuer-jugendliche-ausstrahlung\/","title":{"rendered":"Gesichtsmaske &#8211; Anti-Aging | Ayurvedische Verj\u00fcngung f\u00fcr jugendliche Ausstrahlung"},"content":{"rendered":"\t\t<div data-elementor-type=\"product-post\" data-elementor-id=\"23085\" class=\"elementor elementor-23085 elementor-23055\" data-elementor-post-type=\"product\">\n\t\t\t\t<div class=\"wd-negative-gap elementor-element elementor-element-78e8741 e-flex e-con-boxed e-con e-parent\" data-id=\"78e8741\" data-element_type=\"container\">\n\t\t\t\t\t<div class=\"e-con-inner\">\n\t\t<div class=\"elementor-element elementor-element-49c6fe0 e-con-full e-flex e-con e-child\" data-id=\"49c6fe0\" data-element_type=\"container\">\n\t\t\t\t<div class=\"elementor-element elementor-element-fe8d8d4 color-scheme-inherit text-left elementor-widget elementor-widget-text-editor\" data-id=\"fe8d8d4\" data-element_type=\"widget\" data-widget_type=\"text-editor.default\">\n\t\t\t\t<div class=\"elementor-widget-container\">\n\t\t\t\t\t\t\t\t\t<h3 data-start=\"597\" data-end=\"658\">Zeitlose Sch\u00f6nheit &#8211; Ayurvedische Gesichtsmaske f\u00fcr die Anti-Aging-Pflege<\/h3><p data-start=\"667\" data-end=\"903\">Unterst\u00fctzen Sie anmutiges Altern auf nat\u00fcrliche Weise mit unserer <em data-start=\"715\" data-end=\"739\">Gesichtsmaske &#8211; Anti-Aging<\/em> by Nature Spices. Diese revitalisierende Formel kombiniert wirkungsvolle ayurvedische Kr\u00e4uter, um reife Haut zu n\u00e4hren, ihren Tonus und ihre Textur zu verbessern und eine lebendige, jugendliche Ausstrahlung zu f\u00f6rdern. <\/p><p data-start=\"905\" data-end=\"1254\">Kurkuma, reich an Antioxidantien und bekannt f\u00fcr seine entz\u00fcndungshemmenden Eigenschaften, hilft, die Haut vor den Zeichen der Hautalterung zu sch\u00fctzen und gleicht den Hautton aus. Moringa, ein n\u00e4hrstoffreiches Superkraut, unterst\u00fctzt die Kollagenproduktion und die Festigkeit der Haut. Tulasi und Neem reinigen und verj\u00fcngen die Haut auf sanfte Weise, w\u00e4hrend Arjuna die Haut strafft und st\u00e4rkt und ihre Elastizit\u00e4t verbessert.  <\/p><p data-start=\"1256\" data-end=\"1409\">Diese ganzheitliche Mischung ist ideal f\u00fcr alle, die eine sanfte und dennoch wirksame Anti-Aging-Behandlung suchen, die in Harmonie mit dem nat\u00fcrlichen Erneuerungsprozess der Haut arbeitet.<\/p><h3 data-start=\"1416\" data-end=\"1438\">Wichtigste Vorteile<\/h3><ul data-start=\"1439\" data-end=\"1779\"><li data-start=\"1439\" data-end=\"1520\"><p data-start=\"1441\" data-end=\"1520\"><strong data-start=\"1441\" data-end=\"1475\">Reduziert die sichtbaren Zeichen der Hautalterung<\/strong> durch antioxidativ wirkende Kurkuma und Moringa<\/p><\/li><li data-start=\"1521\" data-end=\"1599\"><p data-start=\"1523\" data-end=\"1599\"><strong data-start=\"1523\" data-end=\"1558\">Verbessert den Hautton und die Festigkeit<\/strong> der <strong data-start=\"1523\" data-end=\"1558\">Haut<\/strong> durch kollagenunterst\u00fctzende Pflanzenstoffe<\/p><\/li><li data-start=\"1600\" data-end=\"1658\"><p data-start=\"1602\" data-end=\"1658\"><strong data-start=\"1602\" data-end=\"1635\">Reinigt und erfrischt sanft<\/strong> mit Tulasi und Neem<\/p><\/li><li data-start=\"1659\" data-end=\"1718\"><p data-start=\"1661\" data-end=\"1718\"><strong data-start=\"1661\" data-end=\"1696\">Unterst\u00fctzt Elastizit\u00e4t und Textur<\/strong> mit Arjuna-Extrakt<\/p><\/li><li data-start=\"1719\" data-end=\"1779\"><p data-start=\"1721\" data-end=\"1779\"><strong data-start=\"1721\" data-end=\"1747\">Verbessert die Vitalit\u00e4t der Haut<\/strong> durch ayurvedische N\u00e4hrstoffe<\/p><\/li><\/ul><h3 data-start=\"1786\" data-end=\"1822\">Anwendungsempfehlung<\/h3><p data-start=\"1823\" data-end=\"2084\">Mischen Sie 1-2 Teel\u00f6ffel des Pulvers mit Wasser, Rosenwasser oder Milch zu einer glatten Paste. Tragen Sie die Paste gleichm\u00e4\u00dfig auf das gereinigte Gesicht auf, wobei Sie die Augenpartie aussparen. Lassen Sie die Creme <strong data-start=\"1974\" data-end=\"1991\">15-20 Minuten<\/strong> einwirken und sp\u00fclen Sie sie dann mit lauwarmem Wasser ab. Verwenden Sie die Creme <strong data-start=\"2029\" data-end=\"2049\">2 Mal pro Woche<\/strong>. Geeignet f\u00fcr reife und trockene Haut.    <\/p>\t\t\t\t\t\t\t\t<\/div>\n\t\t\t\t<\/div>\n\t\t\t\t<\/div>\n\t\t<div class=\"elementor-element elementor-element-1129484 e-con-full e-flex e-con e-child\" data-id=\"1129484\" data-element_type=\"container\">\n\t\t\t\t<div class=\"elementor-element elementor-element-b9f276a elementor-widget elementor-widget-image\" data-id=\"b9f276a\" data-element_type=\"widget\" data-widget_type=\"image.default\">\n\t\t\t\t<div class=\"elementor-widget-container\">\n\t\t\t\t\t\t\t\t\t\t\t\t\t\t\t<img fetchpriority=\"high\" decoding=\"async\" width=\"1024\" height=\"1024\" src=\"https:\/\/www.naturespices.net\/wp-content\/uploads\/2025\/05\/Ayurvedic-Cosmetics-Face-Mask-Anti-Aging-DE-1024x1024.png\" class=\"attachment-large size-large wp-image-22924\" alt=\"Ayurvedic Cosmetics - Face Mask Anti Aging\" srcset=\"https:\/\/www.naturespices.net\/wp-content\/uploads\/2025\/05\/Ayurvedic-Cosmetics-Face-Mask-Anti-Aging-DE-1024x1024.png 1024w, https:\/\/www.naturespices.net\/wp-content\/uploads\/2025\/05\/Ayurvedic-Cosmetics-Face-Mask-Anti-Aging-DE-300x300.png 300w, https:\/\/www.naturespices.net\/wp-content\/uploads\/2025\/05\/Ayurvedic-Cosmetics-Face-Mask-Anti-Aging-DE-150x150.png 150w, https:\/\/www.naturespices.net\/wp-content\/uploads\/2025\/05\/Ayurvedic-Cosmetics-Face-Mask-Anti-Aging-DE-768x768.png 768w, https:\/\/www.naturespices.net\/wp-content\/uploads\/2025\/05\/Ayurvedic-Cosmetics-Face-Mask-Anti-Aging-DE-1536x1536.png 1536w, https:\/\/www.naturespices.net\/wp-content\/uploads\/2025\/05\/Ayurvedic-Cosmetics-Face-Mask-Anti-Aging-DE-600x600.png 600w, https:\/\/www.naturespices.net\/wp-content\/uploads\/2025\/05\/Ayurvedic-Cosmetics-Face-Mask-Anti-Aging-DE.png 2000w\" sizes=\"(max-width: 1024px) 100vw, 1024px\" \/>\t\t\t\t\t\t\t\t\t\t\t\t\t\t\t<\/div>\n\t\t\t\t<\/div>\n\t\t\t\t<\/div>\n\t\t\t\t\t<\/div>\n\t\t\t\t<\/div>\n\t\t\t\t<\/div>\n\t\t","protected":false},"excerpt":{"rendered":"<p>Beleben und straffen Sie Ihre Haut auf nat\u00fcrliche Weise mit unserer ayurvedischen Anti-Aging-Maske. Eine verj\u00fcngende Mischung aus Kurkuma, Moringa, Tulasi und anderen pflanzlichen Stoffen gl\u00e4ttet feine F\u00e4ltchen, unterst\u00fctzt die Elastizit\u00e4t und sorgt f\u00fcr eine jugendliche Ausstrahlung. <\/p>\n","protected":false},"featured_media":22924,"comment_status":"open","ping_status":"closed","template":"","meta":[],"product_brand":[],"product_cat":[251,232],"product_tag":[213,249,57],"class_list":{"0":"post-23085","1":"product","2":"type-product","3":"status-publish","4":"has-post-thumbnail","6":"product_cat-haut-maske","7":"product_cat-ayurvedische-kosmetik","8":"product_tag-ayurveda-de","9":"product_tag-kosmetika","10":"product_tag-naturlich","11":"product_shipping_class-papproehren","13":"first","14":"outofstock","15":"taxable","16":"shipping-taxable","17":"purchasable","18":"product-type-simple"},"_links":{"self":[{"href":"https:\/\/www.naturespices.net\/de\/wp-json\/wp\/v2\/product\/23085","targetHints":{"allow":["GET"]}}],"collection":[{"href":"https:\/\/www.naturespices.net\/de\/wp-json\/wp\/v2\/product"}],"about":[{"href":"https:\/\/www.naturespices.net\/de\/wp-json\/wp\/v2\/types\/product"}],"replies":[{"embeddable":true,"href":"https:\/\/www.naturespices.net\/de\/wp-json\/wp\/v2\/comments?post=23085"}],"version-history":[{"count":3,"href":"https:\/\/www.naturespices.net\/de\/wp-json\/wp\/v2\/product\/23085\/revisions"}],"predecessor-version":[{"id":24944,"href":"https:\/\/www.naturespices.net\/de\/wp-json\/wp\/v2\/product\/23085\/revisions\/24944"}],"wp:featuredmedia":[{"embeddable":true,"href":"https:\/\/www.naturespices.net\/de\/wp-json\/wp\/v2\/media\/22924"}],"wp:attachment":[{"href":"https:\/\/www.naturespices.net\/de\/wp-json\/wp\/v2\/media?parent=23085"}],"wp:term":[{"taxonomy":"product_brand","embeddable":true,"href":"https:\/\/www.naturespices.net\/de\/wp-json\/wp\/v2\/product_brand?post=23085"},{"taxonomy":"product_cat","embeddable":true,"href":"https:\/\/www.naturespices.net\/de\/wp-json\/wp\/v2\/product_cat?post=23085"},{"taxonomy":"product_tag","embeddable":true,"href":"https:\/\/www.naturespices.net\/de\/wp-json\/wp\/v2\/product_tag?post=23085"}],"curies":[{"name":"wp","href":"https:\/\/api.w.org\/{rel}","templated":true}]}}