{"id":23086,"date":"2025-05-28T17:25:43","date_gmt":"2025-05-28T15:25:43","guid":{"rendered":"https:\/\/www.naturespices.net\/shop\/gesichtsmaske-akne-anfaellige-haut-ayurvedische-pflege-fuer-klare-ausgeglichene-haut\/"},"modified":"2025-06-11T15:26:26","modified_gmt":"2025-06-11T13:26:26","slug":"gesichtsmaske-akne-anfaellige-haut-ayurvedische-pflege-fuer-klare-ausgeglichene-haut","status":"publish","type":"product","link":"https:\/\/www.naturespices.net\/de\/shop\/gesichtsmaske-akne-anfaellige-haut-ayurvedische-pflege-fuer-klare-ausgeglichene-haut\/","title":{"rendered":"Gesichtsmaske &#8211; Akne-anf\u00e4llige Haut | Ayurvedische Pflege f\u00fcr klare, ausgeglichene Haut"},"content":{"rendered":"\t\t<div data-elementor-type=\"product-post\" data-elementor-id=\"23086\" class=\"elementor elementor-23086 elementor-22931\" data-elementor-post-type=\"product\">\n\t\t\t\t<div class=\"wd-negative-gap elementor-element elementor-element-36c201c e-flex e-con-boxed e-con e-parent\" data-id=\"36c201c\" data-element_type=\"container\">\n\t\t\t\t\t<div class=\"e-con-inner\">\n\t\t<div class=\"elementor-element elementor-element-cac077d e-con-full e-flex e-con e-child\" data-id=\"cac077d\" data-element_type=\"container\">\n\t\t\t\t<div class=\"elementor-element elementor-element-6dd10e1 color-scheme-inherit text-left elementor-widget elementor-widget-text-editor\" data-id=\"6dd10e1\" data-element_type=\"widget\" data-widget_type=\"text-editor.default\">\n\t\t\t\t<div class=\"elementor-widget-container\">\n\t\t\t\t\t\t\t\t\t<h3 data-start=\"641\" data-end=\"708\">Klare Haut, nat\u00fcrlich &#8211; Ayurvedische Gesichtsmaske f\u00fcr akneanf\u00e4llige Haut<\/h3><p data-start=\"690\" data-end=\"992\">Bringen Sie Ihre zu Akne neigende Haut wieder ins Gleichgewicht mit unserer <em data-start=\"734\" data-end=\"763\">Gesichtsmaske &#8211; Akne-gef\u00e4hrdete Haut<\/em> von Nature Spices, die aus einer wirkungsvollen Mischung traditioneller ayurvedischer Kr\u00e4uter besteht. Diese ganz nat\u00fcrliche Behandlung bek\u00e4mpft Hautunreinheiten, unterst\u00fctzt die Entgiftung der Haut und beruhigt Entz\u00fcndungen und bietet einen ganzheitlichen Ansatz f\u00fcr eine reinere Haut. <\/p><p data-start=\"994\" data-end=\"1377\">Kurkuma, bekannt f\u00fcr seine antibakteriellen und entz\u00fcndungshemmenden Eigenschaften, hilft, Hautausbr\u00fcche zu reduzieren und die Haut aufzuhellen. Neem und Tulasi wirken synergetisch, um die Poren zu reinigen und \u00fcbersch\u00fcssiges \u00d6l zu kontrollieren, w\u00e4hrend Triphala die Hautoberfl\u00e4che sanft peelt und verj\u00fcngt. Brahmi und Ashwagandha unterst\u00fctzen die Widerstandsf\u00e4higkeit der Haut und lindern Irritationen, w\u00e4hrend Arjuna die Hautbarriere st\u00e4rkt und tonisiert.  <\/p><p data-start=\"1379\" data-end=\"1521\">Diese Kr\u00e4utermischung bietet eine tiefgreifende Reinigung ohne scharfe Chemikalien und unterst\u00fctzt einen gesunden, gekl\u00e4rten Teint durch die Weisheit des Ayurveda.<\/p><h3 data-start=\"1528\" data-end=\"1550\">Wichtigste Vorteile<\/h3><ul data-start=\"1551\" data-end=\"1913\"><li data-start=\"1551\" data-end=\"1632\"><p data-start=\"1553\" data-end=\"1632\"><strong data-start=\"1553\" data-end=\"1584\">Bek\u00e4mpft Akne und Unreinheiten<\/strong> mit antibakteriellen Kr\u00e4utern wie Neem und Tulasi<\/p><\/li><li data-start=\"1633\" data-end=\"1712\"><p data-start=\"1635\" data-end=\"1712\"><strong data-start=\"1635\" data-end=\"1671\">Lindert Entz\u00fcndungen und R\u00f6tungen<\/strong> mit Kurkuma, Brahmi und Ashwagandha<\/p><\/li><li data-start=\"1713\" data-end=\"1785\"><p data-start=\"1715\" data-end=\"1785\"><strong data-start=\"1715\" data-end=\"1758\">Unterst\u00fctzt die Entgiftung und das Peeling<\/strong> mit Triphala und Arjuna<\/p><\/li><li data-start=\"1786\" data-end=\"1833\"><p data-start=\"1788\" data-end=\"1833\"><strong data-start=\"1788\" data-end=\"1811\">Gleicht \u00fcbersch\u00fcssiges \u00d6l aus<\/strong>, ohne es zu \u00fcbertrocknen<\/p><\/li><li data-start=\"1834\" data-end=\"1913\"><p data-start=\"1836\" data-end=\"1913\"><strong data-start=\"1836\" data-end=\"1876\">F\u00f6rdert die Klarheit und Widerstandsf\u00e4higkeit der Haut<\/strong> durch einen ganzheitlichen pflanzlichen Ansatz<\/p><\/li><\/ul><h3 data-start=\"1920\" data-end=\"1956\">Anwendungsempfehlung<\/h3><p data-start=\"1957\" data-end=\"2215\">Mischen Sie 1-2 Teel\u00f6ffel des Pulvers mit Wasser oder Rosenwasser, um eine glatte Paste zu erhalten. Tragen Sie die Paste gleichm\u00e4\u00dfig auf die saubere Haut auf und vermeiden Sie dabei die Augenpartie. Lassen Sie die Paste <strong data-start=\"2098\" data-end=\"2115\">10-15 Minuten<\/strong> einwirken und sp\u00fclen Sie sie dann mit lauwarmem Wasser ab. Verwenden Sie es <strong data-start=\"2153\" data-end=\"2175\">2-3 Mal pro Woche<\/strong>. Geeignet f\u00fcr fettige und zu Akne neigende Haut.    <\/p>\t\t\t\t\t\t\t\t<\/div>\n\t\t\t\t<\/div>\n\t\t\t\t<\/div>\n\t\t<div class=\"elementor-element elementor-element-adf77aa e-con-full e-flex e-con e-child\" data-id=\"adf77aa\" data-element_type=\"container\">\n\t\t\t\t<div class=\"elementor-element elementor-element-c2aec45 elementor-widget elementor-widget-image\" data-id=\"c2aec45\" data-element_type=\"widget\" data-widget_type=\"image.default\">\n\t\t\t\t<div class=\"elementor-widget-container\">\n\t\t\t\t\t\t\t\t\t\t\t\t\t\t\t<img fetchpriority=\"high\" decoding=\"async\" width=\"1024\" height=\"1024\" src=\"https:\/\/www.naturespices.net\/wp-content\/uploads\/2025\/05\/Ayurvedic-Cosmetics-Face-Mask-Acne-Prone-Skin-DE-1024x1024.png\" class=\"attachment-large size-large wp-image-22922\" alt=\"Ayurvedic Cosmetics - Face Mask Acne Prone Skin\" srcset=\"https:\/\/www.naturespices.net\/wp-content\/uploads\/2025\/05\/Ayurvedic-Cosmetics-Face-Mask-Acne-Prone-Skin-DE-1024x1024.png 1024w, https:\/\/www.naturespices.net\/wp-content\/uploads\/2025\/05\/Ayurvedic-Cosmetics-Face-Mask-Acne-Prone-Skin-DE-300x300.png 300w, https:\/\/www.naturespices.net\/wp-content\/uploads\/2025\/05\/Ayurvedic-Cosmetics-Face-Mask-Acne-Prone-Skin-DE-150x150.png 150w, https:\/\/www.naturespices.net\/wp-content\/uploads\/2025\/05\/Ayurvedic-Cosmetics-Face-Mask-Acne-Prone-Skin-DE-768x768.png 768w, https:\/\/www.naturespices.net\/wp-content\/uploads\/2025\/05\/Ayurvedic-Cosmetics-Face-Mask-Acne-Prone-Skin-DE-1536x1536.png 1536w, https:\/\/www.naturespices.net\/wp-content\/uploads\/2025\/05\/Ayurvedic-Cosmetics-Face-Mask-Acne-Prone-Skin-DE-600x600.png 600w, https:\/\/www.naturespices.net\/wp-content\/uploads\/2025\/05\/Ayurvedic-Cosmetics-Face-Mask-Acne-Prone-Skin-DE.png 2000w\" sizes=\"(max-width: 1024px) 100vw, 1024px\" \/>\t\t\t\t\t\t\t\t\t\t\t\t\t\t\t<\/div>\n\t\t\t\t<\/div>\n\t\t\t\t<\/div>\n\t\t\t\t\t<\/div>\n\t\t\t\t<\/div>\n\t\t\t\t<\/div>\n\t\t","protected":false},"excerpt":{"rendered":"<p data-start=\"360\" data-end=\"591\">Reinigen Sie Ihre zu Akne neigende Haut mit dieser wirksamen ayurvedischen Gesichtsmaske und bringen Sie sie wieder ins Gleichgewicht. Eine Kr\u00e4utermischung aus Kurkuma, Neem, Tulasi und anderen pflanzlichen Stoffen, die f\u00fcr ihre antibakteriellen und beruhigenden Eigenschaften bekannt sind und die Haut kl\u00e4ren, beruhigen und regenerieren sollen. <\/p>\n","protected":false},"featured_media":22922,"comment_status":"open","ping_status":"closed","template":"","meta":[],"product_brand":[],"product_cat":[251,232],"product_tag":[213,249,215],"class_list":{"0":"post-23086","1":"product","2":"type-product","3":"status-publish","4":"has-post-thumbnail","6":"product_cat-haut-maske","7":"product_cat-ayurvedische-kosmetik","8":"product_tag-ayurveda-de","9":"product_tag-kosmetika","10":"product_tag-naturliche-heilung","11":"product_shipping_class-papproehren","13":"first","14":"outofstock","15":"taxable","16":"shipping-taxable","17":"purchasable","18":"product-type-simple"},"_links":{"self":[{"href":"https:\/\/www.naturespices.net\/de\/wp-json\/wp\/v2\/product\/23086","targetHints":{"allow":["GET"]}}],"collection":[{"href":"https:\/\/www.naturespices.net\/de\/wp-json\/wp\/v2\/product"}],"about":[{"href":"https:\/\/www.naturespices.net\/de\/wp-json\/wp\/v2\/types\/product"}],"replies":[{"embeddable":true,"href":"https:\/\/www.naturespices.net\/de\/wp-json\/wp\/v2\/comments?post=23086"}],"version-history":[{"count":3,"href":"https:\/\/www.naturespices.net\/de\/wp-json\/wp\/v2\/product\/23086\/revisions"}],"predecessor-version":[{"id":24942,"href":"https:\/\/www.naturespices.net\/de\/wp-json\/wp\/v2\/product\/23086\/revisions\/24942"}],"wp:featuredmedia":[{"embeddable":true,"href":"https:\/\/www.naturespices.net\/de\/wp-json\/wp\/v2\/media\/22922"}],"wp:attachment":[{"href":"https:\/\/www.naturespices.net\/de\/wp-json\/wp\/v2\/media?parent=23086"}],"wp:term":[{"taxonomy":"product_brand","embeddable":true,"href":"https:\/\/www.naturespices.net\/de\/wp-json\/wp\/v2\/product_brand?post=23086"},{"taxonomy":"product_cat","embeddable":true,"href":"https:\/\/www.naturespices.net\/de\/wp-json\/wp\/v2\/product_cat?post=23086"},{"taxonomy":"product_tag","embeddable":true,"href":"https:\/\/www.naturespices.net\/de\/wp-json\/wp\/v2\/product_tag?post=23086"}],"curies":[{"name":"wp","href":"https:\/\/api.w.org\/{rel}","templated":true}]}}